{"id":234,"date":"2020-04-25T16:51:54","date_gmt":"2020-04-25T14:51:54","guid":{"rendered":"https:\/\/www.weekend-provence.fr\/?page_id=234"},"modified":"2025-11-19T13:44:02","modified_gmt":"2025-11-19T13:44:02","slug":"week-end-insolite","status":"publish","type":"page","link":"https:\/\/www.weekend-provence.fr\/fr\/week-end-insolite","title":{"rendered":"Week-end Insolite"},"content":{"rendered":"\n<div class=\"wp-block-columns alignwide is-layout-flex wp-container-core-columns-is-layout-0defc3be wp-block-columns-is-layout-flex\">\n<div class=\"wp-block-column is-layout-flow wp-block-column-is-layout-flow\"><div x-data=\"{ expanded: false }\">\n<p class=\"wp-block-paragraph\">Une folle envie de vivre une aventure unique le temps d\u2019une petite escapade dans un h\u00e9bergement atypique ? D\u00e9couvrez les weekends insolites que notre \u00e9quipe vous a concoct\u00e9s ! Alors par quoi vous laisserez-vous tenter : dormir dans une bulle en verre sur le toit d\u2019une maison et admirer les \u00e9toiles ?<\/p><span class=\"transition-all ease-in duration-1000\" x-bind:class=\"{hidden: !expanded}\"><p>Tentez l\u2019aventure dans les arbres dans une cabane perch\u00e9e au milieu des bois ? Passez une nuit boh\u00e8me dans une roulotte de charme ? Faire l&rsquo;exp\u00e9rience d&rsquo;une maison troglodyte, b\u00e2tie dans la roche, dans l&rsquo;arri\u00e8re-pays proven\u00e7al ?<br>Bien d\u2019autres id\u00e9es encore sont \u00e0 d\u00e9couvrir et \u00e0 venir tester sur le bord de mer azur\u00e9en ou au c\u0153ur de la Provence Verte !<\/p><\/span><button @click=\"expanded = !expanded\" class=\"mt-3 block\">Lire la suite <i x-show=\"expanded\" class=\"ml-0.5 translate-y-0.5 fa-light fa-chevron-up\"><\/i><i x-show=\"!expanded\" class=\"ml-0.5 fa-light fa-chevron-down\"><\/i><\/button><\/div><\/div>\n<\/div>\n\n\n\t\t<noscript>\t<ul class=\"list-event\">\n\t\t    <div class=\"grid__item\">\n      <a href=\"https:\/\/www.weekend-provence.fr\/fr\/weekends\/amour-troglodyte-en-provence-5804227\" class=\"single-item\">\n        <div class=\"grid__img\">\n                      <img loading=\"lazy\" decoding=\"async\" src=\"https:\/\/www.weekend-provence.fr\/app\/plugins\/apidae\/public\/files\/mini\/amour-troglodyte-en-provence_5804227_1.jpg\" alt=\"Amour troglodyte en Provence_Cotignac\"\n              title=\"Amour troglodyte en Provence_Cotignac\" width=\"640\" height=\"300\" \/>\n                            <\/div>\n        <div class=\"grid__inner\">\n            \n            \n          <h2 class=\"formattedText\">Amour troglodyte en Provence<\/h2>\n            \n          <div class=\"grid__sub\">\n            <div class=\"grid__datetime\">\n              <span class=\"grid__commune\">\n                <i class=\"fa-thin fa-map-marker-alt\"><\/i>&nbsp;\n                <span\n                  itemprop=\"streetAddress\">Rue de l'Araign\u00e9e<\/span>&nbsp;                                                -&nbsp;                Cotignac              <\/span>\n            <\/div>\n          <\/div>\n        <\/div>\n      <\/a>\n    <\/div>\n      <div class=\"grid__item\">\n      <a href=\"https:\/\/www.weekend-provence.fr\/fr\/weekends\/road-trip-insolite-en-van-tout-confort-5828138\" class=\"single-item\">\n        <div class=\"grid__img\">\n                      <img loading=\"lazy\" decoding=\"async\" src=\"https:\/\/www.weekend-provence.fr\/app\/plugins\/apidae\/public\/files\/mini\/road-trip-insolite-en-van-tout-confort_5828138_1.jpg\" alt=\"Road trip sur la Corniche d'Or\"\n              title=\"Road trip sur la Corniche d'Or\" width=\"640\" height=\"300\" \/>\n                            <\/div>\n        <div class=\"grid__inner\">\n            \n            \n          <h2 class=\"formattedText\">Road trip insolite en van tout confort<\/h2>\n            \n          <div class=\"grid__sub\">\n            <div class=\"grid__datetime\">\n              <span class=\"grid__commune\">\n                <i class=\"fa-thin fa-map-marker-alt\"><\/i>&nbsp;\n                <span\n                  itemprop=\"streetAddress\">85 Avenue Pierre Laugier<\/span>&nbsp;                                                -&nbsp;                Fr\u00e9jus              <\/span>\n            <\/div>\n          <\/div>\n        <\/div>\n      <\/a>\n    <\/div>\n      <div class=\"grid__item\">\n      <a href=\"https:\/\/www.weekend-provence.fr\/fr\/weekends\/nuit-insolite-au-ranch-avec-jacuzzi-privatif-6627192\" class=\"single-item\">\n        <div class=\"grid__img\">\n                      <img loading=\"lazy\" decoding=\"async\" src=\"https:\/\/www.weekend-provence.fr\/app\/plugins\/apidae\/public\/files\/mini\/nuit-insolite-au-ranch-avec-jacuzzi-privatif_6627192_1.jpg\" alt=\"Tipi en pleine nature\"\n              title=\"Tipi en pleine nature\" width=\"640\" height=\"300\" \/>\n                            <\/div>\n        <div class=\"grid__inner\">\n            \n                      <div class=\"gotto\">\n                                                                  Sports \u00e9questres<br>\n                                                                                                                                                <\/div>\n            \n          <h2 class=\"formattedText\">Nuit insolite au Ranch avec jacuzzi privatif<\/h2>\n            \n          <div class=\"grid__sub\">\n            <div class=\"grid__datetime\">\n              <span class=\"grid__commune\">\n                <i class=\"fa-thin fa-map-marker-alt\"><\/i>&nbsp;\n                <span\n                  itemprop=\"streetAddress\">Chemin de la Tour<\/span>&nbsp;                                                -&nbsp;                Grimaud              <\/span>\n            <\/div>\n          <\/div>\n        <\/div>\n      <\/a>\n    <\/div>\n      <div class=\"grid__item\">\n      <a href=\"https:\/\/www.weekend-provence.fr\/fr\/weekends\/on-va-bien-s-amuser-bonne-fete-maman-7291745\" class=\"single-item\">\n        <div class=\"grid__img\">\n                      <img loading=\"lazy\" decoding=\"async\" src=\"https:\/\/www.weekend-provence.fr\/app\/plugins\/apidae\/public\/files\/mini\/on-va-bien-s-amuser-bonne-fete-maman_7291745_1.jpg\" alt=\"Entre amis\"\n              title=\"Entre amis\" width=\"640\" height=\"300\" \/>\n                            <\/div>\n        <div class=\"grid__inner\">\n            \n                      <div class=\"gotto\">\n                                                                  Sports \u00e9questres<br>\n                                                                                                                                                <\/div>\n            \n          <h2 class=\"formattedText\">On va bien s'amuser \"Bonne F\u00eate maman\"<\/h2>\n            \n          <div class=\"grid__sub\">\n            <div class=\"grid__datetime\">\n              <span class=\"grid__commune\">\n                <i class=\"fa-thin fa-map-marker-alt\"><\/i>&nbsp;\n                <span\n                  itemprop=\"streetAddress\">Chemin de la Tour<\/span>&nbsp;                                                -&nbsp;                Grimaud              <\/span>\n            <\/div>\n          <\/div>\n        <\/div>\n      <\/a>\n    <\/div>\n      <div class=\"grid__item\">\n      <a href=\"https:\/\/www.weekend-provence.fr\/fr\/weekends\/sejour-en-famille-villa-en-bord-de-mer-6842239\" class=\"single-item\">\n        <div class=\"grid__img\">\n                      <img loading=\"lazy\" decoding=\"async\" src=\"https:\/\/www.weekend-provence.fr\/app\/plugins\/apidae\/public\/files\/mini\/sejour-en-famille-villa-en-bord-de-mer_6842239_1.png\" alt=\"S\u00e9jour en famille, villa en bord de mer la Croix-Valmer\"\n              title=\"S\u00e9jour en famille, villa en bord de mer la Croix-Valmer\" width=\"640\" height=\"300\" \/>\n                            <\/div>\n        <div class=\"grid__inner\">\n            \n            \n          <h2 class=\"formattedText\">S\u00e9jour en famille, villa en bord de mer<\/h2>\n            \n          <div class=\"grid__sub\">\n            <div class=\"grid__datetime\">\n              <span class=\"grid__commune\">\n                <i class=\"fa-thin fa-map-marker-alt\"><\/i>&nbsp;\n                <span\n                  itemprop=\"streetAddress\">3322 Bld de Saint-Rapha\u00ebl - Quartier plage du D\u00e9barquement<\/span>&nbsp;                                                -&nbsp;                La Croix-Valmer              <\/span>\n            <\/div>\n          <\/div>\n        <\/div>\n      <\/a>\n    <\/div>\n      <div class=\"grid__item\">\n      <a href=\"https:\/\/www.weekend-provence.fr\/fr\/weekends\/amour-boheme-en-roulotte-5214093\" class=\"single-item\">\n        <div class=\"grid__img\">\n                      <img loading=\"lazy\" decoding=\"async\" src=\"https:\/\/www.weekend-provence.fr\/app\/plugins\/apidae\/public\/files\/mini\/amour-boheme-en-roulotte_5214093_1.jpg\" alt=\"Roulotte boh\u00eame\"\n              title=\"Roulotte boh\u00eame\" width=\"640\" height=\"300\" \/>\n                            <\/div>\n        <div class=\"grid__inner\">\n            \n            \n          <h2 class=\"formattedText\">Amour Boh\u00e8me en roulotte<\/h2>\n            \n          <div class=\"grid__sub\">\n            <div class=\"grid__datetime\">\n              <span class=\"grid__commune\">\n                <i class=\"fa-thin fa-map-marker-alt\"><\/i>&nbsp;\n                <span\n                  itemprop=\"streetAddress\">Chemin du Pas de Saint Louis<\/span>&nbsp;                                                -&nbsp;                La Roquebrussanne              <\/span>\n            <\/div>\n          <\/div>\n        <\/div>\n      <\/a>\n    <\/div>\n      <div class=\"grid__item\">\n      <a href=\"https:\/\/www.weekend-provence.fr\/fr\/weekends\/escapade-insolite-en-love-room-6024492\" class=\"single-item\">\n        <div class=\"grid__img\">\n                      <img loading=\"lazy\" decoding=\"async\" src=\"https:\/\/www.weekend-provence.fr\/app\/plugins\/apidae\/public\/files\/mini\/escapade-insolite-en-love-room_6024492_1.jpg\" alt=\"D\u00e9tente en baln\u00e9o\"\n              title=\"D\u00e9tente en baln\u00e9o\" width=\"640\" height=\"300\" \/>\n                            <\/div>\n        <div class=\"grid__inner\">\n            \n            \n          <h2 class=\"formattedText\">Escapade insolite en Love Room****<\/h2>\n            \n          <div class=\"grid__sub\">\n            <div class=\"grid__datetime\">\n              <span class=\"grid__commune\">\n                <i class=\"fa-thin fa-map-marker-alt\"><\/i>&nbsp;\n                <span\n                  itemprop=\"streetAddress\">334 chemin des ch\u00eanes verts<\/span>&nbsp;                                                -&nbsp;                Puget-sur-Argens              <\/span>\n            <\/div>\n          <\/div>\n        <\/div>\n      <\/a>\n    <\/div>\n      <div class=\"grid__item\">\n      <a href=\"https:\/\/www.weekend-provence.fr\/fr\/weekends\/bulle-romantique-sous-les-etoiles-4980284\" class=\"single-item\">\n        <div class=\"grid__img\">\n                      <img loading=\"lazy\" decoding=\"async\" src=\"https:\/\/www.weekend-provence.fr\/app\/plugins\/apidae\/public\/files\/mini\/bulle-romantique-sous-les-etoiles_4980284_1.jpg\" alt=\"Pause d\u00e9tente au champagne\"\n              title=\"Pause d\u00e9tente au champagne\" width=\"640\" height=\"300\" \/>\n                            <\/div>\n        <div class=\"grid__inner\">\n            \n            \n          <h2 class=\"formattedText\">Bulle romantique sous les \u00e9toiles<\/h2>\n            \n          <div class=\"grid__sub\">\n            <div class=\"grid__datetime\">\n              <span class=\"grid__commune\">\n                <i class=\"fa-thin fa-map-marker-alt\"><\/i>&nbsp;\n                <span\n                  itemprop=\"streetAddress\">1241 Route de Marchandise<\/span>&nbsp;                                                -&nbsp;                Roquebrune-sur-Argens              <\/span>\n            <\/div>\n          <\/div>\n        <\/div>\n      <\/a>\n    <\/div>\n      <div class=\"grid__item\">\n      <a href=\"https:\/\/www.weekend-provence.fr\/fr\/weekends\/ma-bulle-de-verre-sous-les-pins-5433771\" class=\"single-item\">\n        <div class=\"grid__img\">\n                      <img loading=\"lazy\" decoding=\"async\" src=\"https:\/\/www.weekend-provence.fr\/app\/plugins\/apidae\/public\/files\/mini\/ma-bulle-de-verre-sous-les-pins_5433771_1.jpg\" alt=\"Bain bouillonnant en toute intimit\u00e9\"\n              title=\"Bain bouillonnant en toute intimit\u00e9\" width=\"640\" height=\"300\" \/>\n                            <\/div>\n        <div class=\"grid__inner\">\n            \n            \n          <h2 class=\"formattedText\">Ma bulle de verre sous les pins<\/h2>\n            \n          <div class=\"grid__sub\">\n            <div class=\"grid__datetime\">\n              <span class=\"grid__commune\">\n                <i class=\"fa-thin fa-map-marker-alt\"><\/i>&nbsp;\n                <span\n                  itemprop=\"streetAddress\">1241 Route de Marchandise<\/span>&nbsp;                                                -&nbsp;                Roquebrune-sur-Argens              <\/span>\n            <\/div>\n          <\/div>\n        <\/div>\n      <\/a>\n    <\/div>\n      <div class=\"grid__item\">\n      <a href=\"https:\/\/www.weekend-provence.fr\/fr\/weekends\/en-amoureux-sous-la-yourte-4928057\" class=\"single-item\">\n        <div class=\"grid__img\">\n                      <img loading=\"lazy\" decoding=\"async\" src=\"https:\/\/www.weekend-provence.fr\/app\/plugins\/apidae\/public\/files\/mini\/en-amoureux-sous-la-yourte_4928057_1.jpg\" alt=\"Yourte insolite\"\n              title=\"Yourte insolite\" width=\"640\" height=\"300\" \/>\n                                                  <\/div>\n        <div class=\"grid__inner\">\n            \n                      <div class=\"gotto\">\n                                                                  Bien-\u00eatre<br>\n                                                                                                                                                <\/div>\n            \n          <h2 class=\"formattedText\">En amoureux sous la yourte<\/h2>\n            \n          <div class=\"grid__sub\">\n            <div class=\"grid__datetime\">\n              <span class=\"grid__commune\">\n                <i class=\"fa-thin fa-map-marker-alt\"><\/i>&nbsp;\n                                                                                Saint-Maximin-la-Sainte-Baume              <\/span>\n            <\/div>\n          <\/div>\n        <\/div>\n      <\/a>\n    <\/div>\n      <div class=\"grid__item\">\n      <a href=\"https:\/\/www.weekend-provence.fr\/fr\/weekends\/week-end-love-en-cabane-chic-4960701\" class=\"single-item\">\n        <div class=\"grid__img\">\n                      <img loading=\"lazy\" decoding=\"async\" src=\"https:\/\/www.weekend-provence.fr\/app\/plugins\/apidae\/public\/files\/mini\/week-end-love-en-cabane-chic_4960701_1.jpg\" alt=\"Week-end Love en cabane chic\"\n              title=\"Week-end Love en cabane chic\" width=\"640\" height=\"300\" \/>\n                                                  <\/div>\n        <div class=\"grid__inner\">\n            \n            \n          <h2 class=\"formattedText\">Week-end Love en Cabane Chic<\/h2>\n            \n          <div class=\"grid__sub\">\n            <div class=\"grid__datetime\">\n              <span class=\"grid__commune\">\n                <i class=\"fa-thin fa-map-marker-alt\"><\/i>&nbsp;\n                                                                                Saint-Maximin-la-Sainte-Baume              <\/span>\n            <\/div>\n          <\/div>\n        <\/div>\n      <\/a>\n    <\/div>\n      <div class=\"grid__item\">\n      <a href=\"https:\/\/www.weekend-provence.fr\/fr\/weekends\/escapade-en-lodge-moderne-et-ecolo-7253588\" class=\"single-item\">\n        <div class=\"grid__img\">\n                      <img loading=\"lazy\" decoding=\"async\" src=\"https:\/\/www.weekend-provence.fr\/app\/plugins\/apidae\/public\/files\/mini\/escapade-en-lodge-moderne-et-ecolo_7253588_1.jpg\" alt=\"Instant de complicit\u00e9 sur la terrasse\"\n              title=\"Instant de complicit\u00e9 sur la terrasse\" width=\"640\" height=\"300\" \/>\n                            <\/div>\n        <div class=\"grid__inner\">\n            \n            \n          <h2 class=\"formattedText\">Escapade en lodge moderne et \u00e9colo<\/h2>\n            \n          <div class=\"grid__sub\">\n            <div class=\"grid__datetime\">\n              <span class=\"grid__commune\">\n                <i class=\"fa-thin fa-map-marker-alt\"><\/i>&nbsp;\n                                <span\n                  itemprop=\"streetAddress\">1090 Avenue du Colonnel Brooke<\/span>&nbsp;                                -&nbsp;                Saint-Rapha\u00ebl              <\/span>\n            <\/div>\n          <\/div>\n        <\/div>\n      <\/a>\n    <\/div>\n      <div class=\"grid__item\">\n      <a href=\"https:\/\/www.weekend-provence.fr\/fr\/weekends\/le-coeur-dans-les-etoiles-5263924\" class=\"single-item\">\n        <div class=\"grid__img\">\n                      <img loading=\"lazy\" decoding=\"async\" src=\"https:\/\/www.weekend-provence.fr\/app\/plugins\/apidae\/public\/files\/mini\/le-coeur-dans-les-etoiles_5263924_1.jpg\" alt=\"Observation des \u00e9toiles\"\n              title=\"Observation des \u00e9toiles\" width=\"640\" height=\"300\" \/>\n                            <\/div>\n        <div class=\"grid__inner\">\n            \n                      <div class=\"gotto\">\n                                                                  Tennis<br>\n                                                                                                                                                                                      <\/div>\n            \n          <h2 class=\"formattedText\">Le coeur dans les \u00e9toiles<\/h2>\n            \n          <div class=\"grid__sub\">\n            <div class=\"grid__datetime\">\n              <span class=\"grid__commune\">\n                <i class=\"fa-thin fa-map-marker-alt\"><\/i>&nbsp;\n                                                                                Varages              <\/span>\n            <\/div>\n          <\/div>\n        <\/div>\n      <\/a>\n    <\/div>\n      <div class=\"grid__item\">\n      <a href=\"https:\/\/www.weekend-provence.fr\/fr\/weekends\/saint-valentin-dans-les-etoiles-7641655\" class=\"single-item\">\n        <div class=\"grid__img\">\n                      <img loading=\"lazy\" decoding=\"async\" src=\"https:\/\/www.weekend-provence.fr\/app\/plugins\/apidae\/public\/files\/mini\/saint-valentin-dans-les-etoiles_7641655_1.jpg\" alt=\"Saint Valentin dans les \u00e9toiles\"\n              title=\"Saint Valentin dans les \u00e9toiles\" width=\"640\" height=\"300\" \/>\n                            <\/div>\n        <div class=\"grid__inner\">\n            \n                      <div class=\"gotto\">\n                                                                  Astronomie<br>\n                                                                                                                                                <\/div>\n            \n          <h2 class=\"formattedText\">Saint Valentin dans les \u00e9toiles<\/h2>\n            \n          <div class=\"grid__sub\">\n            <div class=\"grid__datetime\">\n              <span class=\"grid__commune\">\n                <i class=\"fa-thin fa-map-marker-alt\"><\/i>&nbsp;\n                                                                                Varages              <\/span>\n            <\/div>\n          <\/div>\n        <\/div>\n      <\/a>\n    <\/div>\n  \t<\/ul>\n<\/noscript><div id=\"prestaItems-1832233072\" class=\"prestaItems wp-block-apidae-prestas alignwide\">\r\n\t\t\t<apidae-prestas\r\n\t\t\t\tslug=\"wep-insolite\"\r\n\t\t\t\tlayout-mode=\"list\"\r\n\t\t\t\tmap-height=\"\"\r\n\t\t\t\ttheme=\"default\"\r\n\t\t\t\ttype=\"grid\"\r\n\t\t\t\ttype-filtre=\"popover\"\r\n\t\t\t\ttype-paginate=\"INFINITE\"\r\n\t\t\t\ttitle=\"\"\r\n\t\t\t\t:nb-per-page=\"12\"\r\n\t\t\t\tfilter=\"\"\r\n\t\t\t\tlang=\"fr\"\r\n\t\t\t\t:groupe-ids-to-hide=\"[3,7,41,31,4,5,8,2,51,6,32,52,9]\"\r\n\t\t\t\t:groupe-ids-to-open=\"[]\"\r\n\t\t\t\t:tri-filters=\"['random','alphabetique','triEvenement']\"\r\n\t\t\t\t:tri=\"['']\"\r\n        :show-filtre=\"1\"\r\n\t\t\t\t:show-filtre-nb-results=\"1\"\r\n        :show-filtre-results=\"0\"\r\n        :show-filtre-lib=\"0\"\r\n        :show-filtre-tri=\"1\"\r\n        :show-filtre-groupes=\"1\"\r\n        :show-filtre-date=\"1\"\r\n        :show-filtre-age=\"0\"\r\n        :show-filtre-price=\"1\"\r\n        :show-filtre-capacity=\"0\"\r\n        :show-filtre-nombre-chambres=\"0\"\r\n        :show-filtre-nombre-jours=\"1\"\r\n        :show-filtre-nombre-nuits=\"0\"\r\n        :show-filtre-distance=\"0\"\r\n        :show-filtre-duration=\"0\"\r\n        :show-filtre-elevation=\"0\"\r\n        :show-filtre-geolocalisation=\"0\"\r\n        :show-prestas=\"1\"\r\n\t\t\t\t:show-prestas-address=\"0\"\r\n\t\t\t\t:show-prestas-attributes=\"0\"\r\n\t\t\t\t:show-prestas-breadcrumb=\"0\"\r\n\t\t\t\t:show-prestas-calendar=\"0\"\r\n\t\t\t\t:show-prestas-cart=\"1\"\r\n\t\t\t\t:show-prestas-categorie=\"0\"\r\n\t\t\t\t:show-prestas-contact=\"0\"\r\n\t\t\t\t:show-prestas-coordonnee=\"0\"\r\n\t\t\t\t:show-prestas-cover=\"1\"\r\n\t\t\t\t:show-prestas-date=\"0\"\r\n\t\t\t\t:show-prestas-description=\"1\"\r\n\t\t\t\t:show-prestas-dispo=\"0\"\r\n\t\t\t\t:show-prestas-gallery=\"0\"\r\n\t\t\t\t:show-prestas-fair-guest=\"0\"\r\n\t\t\t\t:show-prestas-fair-guest-lite=\"0\"\r\n\t\t\t\t:show-prestas-logo=\"0\"\r\n\t\t\t\t:show-prestas-map=\"1\"\r\n\t\t\t\t:show-prestas-map-closed=\"0\"\r\n\t\t\t\t:show-prestas-map-cluster=\"0\"\r\n\t\t\t\t:show-prestas-map-controls=\"1\"\r\n\t\t\t\t:show-prestas-map-zoom-scroll=\"0\"\r\n\t\t\t\t:show-prestas-objets-lies=\"0\"\r\n\t\t\t\t:show-prestas-opened=\"0\"\r\n\t\t\t\t:show-prestas-tarif=\"1\"\r\n\t\t\t\t:show-prestas-title=\"1\"\r\n\t\t\t\t:show-presta-address=\"1\"\r\n\t\t\t\t:show-presta-attributes=\"1\"\r\n\t\t\t\t:show-presta-back=\"1\"\r\n\t\t\t\t:show-presta-breadcrumb=\"0\"\r\n\t\t\t\t:show-presta-calendar=\"1\"\r\n\t\t\t\t:show-presta-cart=\"0\"\r\n\t\t\t\t:show-presta-categorie=\"1\"\r\n\t\t\t\t:show-presta-contact=\"0\"\r\n\t\t\t\t:show-presta-coordonnee=\"1\"\r\n\t\t\t\t:show-presta-cover=\"1\"\r\n\t\t\t\t:show-presta-date=\"1\"\r\n\t\t\t\t:show-presta-description=\"1\"\r\n\t\t\t\t:show-presta-dispo=\"1\"\r\n\t\t\t\t:show-presta-gallery=\"1\"\r\n\t\t\t\t:show-presta-fair-guest=\"0\"\r\n\t\t\t\t:show-presta-fair-guest-lite=\"0\"\r\n\t\t\t\t:show-presta-logo=\"1\"\r\n\t\t\t\t:show-presta-map=\"1\"\r\n\t\t\t\t:show-presta-map-closed=\"1\"\r\n\t\t\t\t:show-presta-map-cluster=\"1\"\r\n\t\t\t\t:show-presta-map-controls=\"1\"\r\n\t\t\t\t:show-presta-map-zoom-scroll=\"1\"\r\n\t\t\t\t:show-presta-objets-attaches=\"1\"\r\n\t\t\t\t:show-presta-objets-croises=\"1\"\r\n\t\t\t\t:show-presta-objets-geres=\"1\"\r\n\t\t\t\t:show-presta-objets-lies=\"1\"\r\n\t\t\t\t:show-presta-opened=\"1\"\r\n\t\t\t\t:show-presta-tarif=\"1\"\r\n\t\t\t\t:show-presta-title=\"1\"\r\n\t\t\t\t:show-presta-view=\"0\">\r\n\t\t\t<\/apidae-prestas>\r\n\t\t<\/div>","protected":false},"excerpt":{"rendered":"<p>Une folle envie de vivre une aventure unique le temps d\u2019une petite escapade dans un h\u00e9bergement atypique ? D\u00e9couvrez les weekends insolites que notre \u00e9quipe vous a concoct\u00e9s ! Alors par quoi vous laisserez-vous tenter : dormir dans une bulle en verre sur le toit d\u2019une maison et admirer les \u00e9toiles ? Tentez l\u2019aventure dans&#8230;<\/p>\n","protected":false},"author":1,"featured_media":0,"parent":0,"menu_order":21,"comment_status":"closed","ping_status":"closed","template":"","meta":{"_acf_changed":false,"_crdt_document":"","footnotes":""},"class_list":["post-234","page","type-page","status-publish","hentry"],"acf":[],"_links":{"self":[{"href":"https:\/\/www.weekend-provence.fr\/fr\/wp-json\/wp\/v2\/pages\/234","targetHints":{"allow":["GET"]}}],"collection":[{"href":"https:\/\/www.weekend-provence.fr\/fr\/wp-json\/wp\/v2\/pages"}],"about":[{"href":"https:\/\/www.weekend-provence.fr\/fr\/wp-json\/wp\/v2\/types\/page"}],"author":[{"embeddable":true,"href":"https:\/\/www.weekend-provence.fr\/fr\/wp-json\/wp\/v2\/users\/1"}],"replies":[{"embeddable":true,"href":"https:\/\/www.weekend-provence.fr\/fr\/wp-json\/wp\/v2\/comments?post=234"}],"version-history":[{"count":7,"href":"https:\/\/www.weekend-provence.fr\/fr\/wp-json\/wp\/v2\/pages\/234\/revisions"}],"predecessor-version":[{"id":1968,"href":"https:\/\/www.weekend-provence.fr\/fr\/wp-json\/wp\/v2\/pages\/234\/revisions\/1968"}],"wp:attachment":[{"href":"https:\/\/www.weekend-provence.fr\/fr\/wp-json\/wp\/v2\/media?parent=234"}],"curies":[{"name":"wp","href":"https:\/\/api.w.org\/{rel}","templated":true}]}}