{"id":236,"date":"2020-04-25T17:09:30","date_gmt":"2020-04-25T15:09:30","guid":{"rendered":"https:\/\/www.weekend-provence.fr\/?page_id=236"},"modified":"2025-11-19T13:44:18","modified_gmt":"2025-11-19T13:44:18","slug":"week-end-nature-terroir","status":"publish","type":"page","link":"https:\/\/www.weekend-provence.fr\/fr\/week-end-nature-terroir","title":{"rendered":"Week-end Nature &#038; Terroir"},"content":{"rendered":"\n<div class=\"wp-block-columns alignwide is-layout-flex wp-container-core-columns-is-layout-0defc3be wp-block-columns-is-layout-flex\">\n<div class=\"wp-block-column is-layout-flow wp-block-column-is-layout-flow\"><div x-data=\"{ expanded: false }\">\n<p class=\"wp-block-paragraph\">Envie de vous couper de votre routine ? De vous \u00e9loigner de votre quotidien ? Besoin d\u2019un retour aux sources ? Gr\u00e2ce \u00e0 nos s\u00e9jours Nature, partez \u00e0 la d\u00e9couverte de nos grands espaces et de nos massifs forestiers : la Sainte-Victoire, la Sainte-Baume, l\u2019Est\u00e9rel\u2026 s\u2019ouvrent \u00e0 vous !<\/p><span class=\"transition-all ease-in duration-1000\" x-bind:class=\"{hidden: !expanded}\"><p>Promeneurs d\u2019un jour, randonneurs, amateurs de nature sauvage, prenez un grand bol d\u2019air et ressourcez-vous, tout en admirant la beaut\u00e9 des paysages qui vous entourent.<br>Profitez-en aussi pour en apprendre davantage sur notre terroir riche en saveurs. D\u00e9couvrez le vignoble varois le temps d\u2019une escapade dans un domaine viticole par exemple !<br>Respirez, admirez, \u00e9coutez, rencontrez et d\u00e9gustez\u2026 ces mots sont faits pour vous !<\/p><\/span><button @click=\"expanded = !expanded\" class=\"mt-3 block\">Lire la suite <i x-show=\"expanded\" class=\"ml-0.5 translate-y-0.5 fa-light fa-chevron-up\"><\/i><i x-show=\"!expanded\" class=\"ml-0.5 fa-light fa-chevron-down\"><\/i><\/button><\/div><\/div>\n<\/div>\n\n\n\t\t<noscript>\t<ul class=\"list-event\">\n\t\t    <div class=\"grid__item\">\n      <a href=\"https:\/\/www.weekend-provence.fr\/fr\/weekends\/pause-romantique-au-cur-d-un-vignoble-de-charme-5701186\" class=\"single-item\">\n        <div class=\"grid__img\">\n                      <img loading=\"lazy\" decoding=\"async\" src=\"https:\/\/static.apidae-tourisme.com\/filestore\/objets-touristiques\/images\/197\/210\/17683141-diaporama.jpg\" alt=\"Balade romantique dans les vignes\"\n              title=\"Balade romantique dans les vignes\" width=\"640\" height=\"300\" \/>\n                            <\/div>\n        <div class=\"grid__inner\">\n            \n            \n          <h2 class=\"formattedText\">Pause romantique au c\u0153ur d'un vignoble de charme<\/h2>\n            \n          <div class=\"grid__sub\">\n            <div class=\"grid__datetime\">\n              <span class=\"grid__commune\">\n                <i class=\"fa-thin fa-map-marker-alt\"><\/i>&nbsp;\n                <span\n                  itemprop=\"streetAddress\">609 Route de Malpasset<\/span>&nbsp;                <span\n                  itemprop=\"streetAddress\">Lieu dit Sainte Brigitte - RD37<\/span>&nbsp;                                -&nbsp;                Fr\u00e9jus              <\/span>\n            <\/div>\n          <\/div>\n        <\/div>\n      <\/a>\n    <\/div>\n      <div class=\"grid__item\">\n      <a href=\"https:\/\/www.weekend-provence.fr\/fr\/weekends\/road-trip-insolite-en-van-tout-confort-5828138\" class=\"single-item\">\n        <div class=\"grid__img\">\n                      <img loading=\"lazy\" decoding=\"async\" src=\"https:\/\/www.weekend-provence.fr\/app\/plugins\/apidae\/public\/files\/mini\/road-trip-insolite-en-van-tout-confort_5828138_1.jpg\" alt=\"Road trip sur la Corniche d'Or\"\n              title=\"Road trip sur la Corniche d'Or\" width=\"640\" height=\"300\" \/>\n                            <\/div>\n        <div class=\"grid__inner\">\n            \n            \n          <h2 class=\"formattedText\">Road trip insolite en van tout confort<\/h2>\n            \n          <div class=\"grid__sub\">\n            <div class=\"grid__datetime\">\n              <span class=\"grid__commune\">\n                <i class=\"fa-thin fa-map-marker-alt\"><\/i>&nbsp;\n                <span\n                  itemprop=\"streetAddress\">85 Avenue Pierre Laugier<\/span>&nbsp;                                                -&nbsp;                Fr\u00e9jus              <\/span>\n            <\/div>\n          <\/div>\n        <\/div>\n      <\/a>\n    <\/div>\n      <div class=\"grid__item\">\n      <a href=\"https:\/\/www.weekend-provence.fr\/fr\/weekends\/jacuzzi-luxe-et-nature-en-4-7267311\" class=\"single-item\">\n        <div class=\"grid__img\">\n                      <img loading=\"lazy\" decoding=\"async\" src=\"https:\/\/www.weekend-provence.fr\/app\/plugins\/apidae\/public\/files\/mini\/jacuzzi-luxe-et-nature-en-4_7267311_1.jpg\" alt=\"Jacuzzi luxe et nature en 4*\"\n              title=\"Jacuzzi luxe et nature en 4*\" width=\"640\" height=\"300\" \/>\n                            <\/div>\n        <div class=\"grid__inner\">\n            \n                      <div class=\"gotto\">\n                                                                  Bien-\u00eatre<br>\n                                                                                                                                                                                      <\/div>\n            \n          <h2 class=\"formattedText\">Jacuzzi luxe et nature en 4*<\/h2>\n            \n          <div class=\"grid__sub\">\n            <div class=\"grid__datetime\">\n              <span class=\"grid__commune\">\n                <i class=\"fa-thin fa-map-marker-alt\"><\/i>&nbsp;\n                                                                                La Garde-Freinet              <\/span>\n            <\/div>\n          <\/div>\n        <\/div>\n      <\/a>\n    <\/div>\n      <div class=\"grid__item\">\n      <a href=\"https:\/\/www.weekend-provence.fr\/fr\/weekends\/evasion-en-pleine-nature-detente-et-jacuzzi-4901996\" class=\"single-item\">\n        <div class=\"grid__img\">\n                      <img loading=\"lazy\" decoding=\"async\" src=\"https:\/\/www.weekend-provence.fr\/app\/plugins\/apidae\/public\/files\/mini\/evasion-en-pleine-nature-detente-et-jacuzzi_4901996_1.jpg\" alt=\"Villa Saona\"\n              title=\"Villa Saona\" width=\"640\" height=\"300\" \/>\n                            <\/div>\n        <div class=\"grid__inner\">\n            \n            \n          <h2 class=\"formattedText\">Evasion en pleine nature : d\u00e9tente et jacuzzi<\/h2>\n            \n          <div class=\"grid__sub\">\n            <div class=\"grid__datetime\">\n              <span class=\"grid__commune\">\n                <i class=\"fa-thin fa-map-marker-alt\"><\/i>&nbsp;\n                                                                                Le Plan de la Tour              <\/span>\n            <\/div>\n          <\/div>\n        <\/div>\n      <\/a>\n    <\/div>\n      <div class=\"grid__item\">\n      <a href=\"https:\/\/www.weekend-provence.fr\/fr\/weekends\/amour-vignes-velo-6195086\" class=\"single-item\">\n        <div class=\"grid__img\">\n                      <img loading=\"lazy\" decoding=\"async\" src=\"https:\/\/www.weekend-provence.fr\/app\/plugins\/apidae\/public\/files\/mini\/amour-vignes-velo_6195086_1.jpg\" alt=\"En vadrouille\"\n              title=\"En vadrouille\" width=\"640\" height=\"300\" \/>\n                                                  <\/div>\n        <div class=\"grid__inner\">\n            \n                      <div class=\"gotto\">\n                                                                  Randonn\u00e9e \/ balade \u00e0 v\u00e9lo<br>\n                                                                                                                                                                                      <\/div>\n            \n          <h2 class=\"formattedText\">Amour, Vignes & V\u00e9lo<\/h2>\n            \n          <div class=\"grid__sub\">\n            <div class=\"grid__datetime\">\n              <span class=\"grid__commune\">\n                <i class=\"fa-thin fa-map-marker-alt\"><\/i>&nbsp;\n                                                                                Saint-Maximin-la-Sainte-Baume              <\/span>\n            <\/div>\n          <\/div>\n        <\/div>\n      <\/a>\n    <\/div>\n  \t<\/ul>\n<\/noscript><div id=\"prestaItems-1482487186\" class=\"prestaItems wp-block-apidae-prestas alignwide\">\r\n\t\t\t<apidae-prestas\r\n\t\t\t\tslug=\"wep-nature-terroir\"\r\n\t\t\t\tlayout-mode=\"list\"\r\n\t\t\t\tmap-height=\"\"\r\n\t\t\t\ttheme=\"default\"\r\n\t\t\t\ttype=\"grid\"\r\n\t\t\t\ttype-filtre=\"popover\"\r\n\t\t\t\ttype-paginate=\"INFINITE\"\r\n\t\t\t\ttitle=\"\"\r\n\t\t\t\t:nb-per-page=\"12\"\r\n\t\t\t\tfilter=\"\"\r\n\t\t\t\tlang=\"fr\"\r\n\t\t\t\t:groupe-ids-to-hide=\"[3,7,41,31,4,5,8,2,51,6,32,52,9]\"\r\n\t\t\t\t:groupe-ids-to-open=\"[]\"\r\n\t\t\t\t:tri-filters=\"['random','alphabetique','triEvenement']\"\r\n\t\t\t\t:tri=\"['random']\"\r\n        :show-filtre=\"1\"\r\n\t\t\t\t:show-filtre-nb-results=\"1\"\r\n        :show-filtre-results=\"0\"\r\n        :show-filtre-lib=\"0\"\r\n        :show-filtre-tri=\"1\"\r\n        :show-filtre-groupes=\"1\"\r\n        :show-filtre-date=\"1\"\r\n        :show-filtre-age=\"0\"\r\n        :show-filtre-price=\"1\"\r\n        :show-filtre-capacity=\"0\"\r\n        :show-filtre-nombre-chambres=\"0\"\r\n        :show-filtre-nombre-jours=\"1\"\r\n        :show-filtre-nombre-nuits=\"0\"\r\n        :show-filtre-distance=\"0\"\r\n        :show-filtre-duration=\"0\"\r\n        :show-filtre-elevation=\"0\"\r\n        :show-filtre-geolocalisation=\"0\"\r\n        :show-prestas=\"1\"\r\n\t\t\t\t:show-prestas-address=\"0\"\r\n\t\t\t\t:show-prestas-attributes=\"0\"\r\n\t\t\t\t:show-prestas-breadcrumb=\"0\"\r\n\t\t\t\t:show-prestas-calendar=\"0\"\r\n\t\t\t\t:show-prestas-cart=\"1\"\r\n\t\t\t\t:show-prestas-categorie=\"0\"\r\n\t\t\t\t:show-prestas-contact=\"0\"\r\n\t\t\t\t:show-prestas-coordonnee=\"0\"\r\n\t\t\t\t:show-prestas-cover=\"1\"\r\n\t\t\t\t:show-prestas-date=\"0\"\r\n\t\t\t\t:show-prestas-description=\"1\"\r\n\t\t\t\t:show-prestas-dispo=\"0\"\r\n\t\t\t\t:show-prestas-gallery=\"0\"\r\n\t\t\t\t:show-prestas-fair-guest=\"0\"\r\n\t\t\t\t:show-prestas-fair-guest-lite=\"0\"\r\n\t\t\t\t:show-prestas-logo=\"0\"\r\n\t\t\t\t:show-prestas-map=\"1\"\r\n\t\t\t\t:show-prestas-map-closed=\"0\"\r\n\t\t\t\t:show-prestas-map-cluster=\"0\"\r\n\t\t\t\t:show-prestas-map-controls=\"1\"\r\n\t\t\t\t:show-prestas-map-zoom-scroll=\"0\"\r\n\t\t\t\t:show-prestas-objets-lies=\"0\"\r\n\t\t\t\t:show-prestas-opened=\"0\"\r\n\t\t\t\t:show-prestas-tarif=\"1\"\r\n\t\t\t\t:show-prestas-title=\"1\"\r\n\t\t\t\t:show-presta-address=\"1\"\r\n\t\t\t\t:show-presta-attributes=\"1\"\r\n\t\t\t\t:show-presta-back=\"1\"\r\n\t\t\t\t:show-presta-breadcrumb=\"0\"\r\n\t\t\t\t:show-presta-calendar=\"1\"\r\n\t\t\t\t:show-presta-cart=\"0\"\r\n\t\t\t\t:show-presta-categorie=\"1\"\r\n\t\t\t\t:show-presta-contact=\"0\"\r\n\t\t\t\t:show-presta-coordonnee=\"1\"\r\n\t\t\t\t:show-presta-cover=\"1\"\r\n\t\t\t\t:show-presta-date=\"1\"\r\n\t\t\t\t:show-presta-description=\"1\"\r\n\t\t\t\t:show-presta-dispo=\"1\"\r\n\t\t\t\t:show-presta-gallery=\"1\"\r\n\t\t\t\t:show-presta-fair-guest=\"0\"\r\n\t\t\t\t:show-presta-fair-guest-lite=\"0\"\r\n\t\t\t\t:show-presta-logo=\"1\"\r\n\t\t\t\t:show-presta-map=\"1\"\r\n\t\t\t\t:show-presta-map-closed=\"1\"\r\n\t\t\t\t:show-presta-map-cluster=\"1\"\r\n\t\t\t\t:show-presta-map-controls=\"1\"\r\n\t\t\t\t:show-presta-map-zoom-scroll=\"1\"\r\n\t\t\t\t:show-presta-objets-attaches=\"1\"\r\n\t\t\t\t:show-presta-objets-croises=\"1\"\r\n\t\t\t\t:show-presta-objets-geres=\"1\"\r\n\t\t\t\t:show-presta-objets-lies=\"1\"\r\n\t\t\t\t:show-presta-opened=\"1\"\r\n\t\t\t\t:show-presta-tarif=\"1\"\r\n\t\t\t\t:show-presta-title=\"1\"\r\n\t\t\t\t:show-presta-view=\"0\">\r\n\t\t\t<\/apidae-prestas>\r\n\t\t<\/div>","protected":false},"excerpt":{"rendered":"<p>Envie de vous couper de votre routine ? De vous \u00e9loigner de votre quotidien ? Besoin d\u2019un retour aux sources ? Gr\u00e2ce \u00e0 nos s\u00e9jours Nature, partez \u00e0 la d\u00e9couverte de nos grands espaces et de nos massifs forestiers : la Sainte-Victoire, la Sainte-Baume, l\u2019Est\u00e9rel\u2026 s\u2019ouvrent \u00e0 vous ! Promeneurs d\u2019un jour, randonneurs, amateurs de&#8230;<\/p>\n","protected":false},"author":1,"featured_media":0,"parent":0,"menu_order":23,"comment_status":"closed","ping_status":"closed","template":"","meta":{"_acf_changed":false,"_crdt_document":"","footnotes":""},"class_list":["post-236","page","type-page","status-publish","hentry"],"acf":[],"_links":{"self":[{"href":"https:\/\/www.weekend-provence.fr\/fr\/wp-json\/wp\/v2\/pages\/236","targetHints":{"allow":["GET"]}}],"collection":[{"href":"https:\/\/www.weekend-provence.fr\/fr\/wp-json\/wp\/v2\/pages"}],"about":[{"href":"https:\/\/www.weekend-provence.fr\/fr\/wp-json\/wp\/v2\/types\/page"}],"author":[{"embeddable":true,"href":"https:\/\/www.weekend-provence.fr\/fr\/wp-json\/wp\/v2\/users\/1"}],"replies":[{"embeddable":true,"href":"https:\/\/www.weekend-provence.fr\/fr\/wp-json\/wp\/v2\/comments?post=236"}],"version-history":[{"count":8,"href":"https:\/\/www.weekend-provence.fr\/fr\/wp-json\/wp\/v2\/pages\/236\/revisions"}],"predecessor-version":[{"id":1971,"href":"https:\/\/www.weekend-provence.fr\/fr\/wp-json\/wp\/v2\/pages\/236\/revisions\/1971"}],"wp:attachment":[{"href":"https:\/\/www.weekend-provence.fr\/fr\/wp-json\/wp\/v2\/media?parent=236"}],"curies":[{"name":"wp","href":"https:\/\/api.w.org\/{rel}","templated":true}]}}