{"id":611,"date":"2024-05-14T08:55:56","date_gmt":"2024-05-14T08:55:56","guid":{"rendered":"https:\/\/www.weekend-provence.fr\/?page_id=611"},"modified":"2024-09-02T08:46:21","modified_gmt":"2024-09-02T08:46:21","slug":"saint-raphael-esterel-cote-dazur","status":"publish","type":"page","link":"https:\/\/www.weekend-provence.fr\/fr\/nos-destinations\/saint-raphael-esterel-cote-dazur","title":{"rendered":"Saint-Rapha\u00ebl &#8211; Esterel"},"content":{"rendered":"\n<div class=\"wp-block-columns alignwide is-layout-flex wp-container-core-columns-is-layout-0defc3be wp-block-columns-is-layout-flex\">\n<div class=\"wp-block-column is-layout-flow wp-block-column-is-layout-flow\">\n<p class=\"wp-block-paragraph\">Est\u00e9rel C\u00f4te d\u2019Azur est un v\u00e9ritable paradis pour les amoureux de la nature et de la mer. Entre roches rouges et criques sauvages, l\u2019Est\u00e9rel, qui s\u2019\u00e9tend sur les communes de Fr\u00e9jus et Saint-Rapha\u00ebl, offre une vue imprenable sur le bleu de la M\u00e9diterran\u00e9e.<\/p>\n\n\n\n<p class=\"wp-block-paragraph\">C\u2019est le lieu id\u00e9al pour une escapade romantique ou pour passer un week-end ressour\u00e7ant. Vous pourrez y faire de nombreuses activit\u00e9s de plein air et appr\u00e9cier les vestiges romains et les villages typiques de la r\u00e9gion. La gastronomie locale est \u00e9galement un atout, avec des produits frais et locaux, tels que les fruits de mer, les l\u00e9gumes et les herbes aromatiques. Les soir\u00e9es dans les nombreux bars et clubs de la r\u00e9gion sont \u00e9galement \u00e0 essayer.<\/p>\n\n\n\n<p class=\"wp-block-paragraph\">En bref, Est\u00e9rel C\u00f4te d\u2019Azur est un lieu de vacances id\u00e9al pour ceux qui cherchent un m\u00e9lange parfait entre d\u00e9tente, activit\u00e9s, randonn\u00e9es, d\u00e9couverte culturelle et romantisme pour un week-end ou une courte \u00e9vasion. <\/p>\n\n\n\n<p class=\"wp-block-paragraph\">N\u2019attendez plus pour visiter cet endroit magique !<\/p>\n<\/div>\n<\/div>\n\n\n\t\t<noscript>\t<ul class=\"list-event\">\n\t\t    <div class=\"grid__item\">\n      <a href=\"https:\/\/www.weekend-provence.fr\/fr\/weekends\/detente-au-spa-5675196\" class=\"single-item\">\n        <div class=\"grid__img\">\n                      <img loading=\"lazy\" decoding=\"async\" src=\"https:\/\/www.weekend-provence.fr\/app\/plugins\/apidae\/public\/files\/mini\/detente-au-spa_5675196_1.jpg\" alt=\"D\u00e9tente au SPA\"\n              title=\"D\u00e9tente au SPA\" width=\"640\" height=\"300\" \/>\n                            <\/div>\n        <div class=\"grid__inner\">\n            \n            \n          <h2 class=\"formattedText\">D\u00e9tente au SPA<\/h2>\n            \n          <div class=\"grid__sub\">\n            <div class=\"grid__datetime\">\n              <span class=\"grid__commune\">\n                <i class=\"fa-thin fa-map-marker-alt\"><\/i>&nbsp;\n                <span\n                  itemprop=\"streetAddress\">16 Quai dei Caravello, Port Fr\u00e9jus Ouest<\/span>&nbsp;                                                -&nbsp;                Fr\u00e9jus              <\/span>\n            <\/div>\n          <\/div>\n        <\/div>\n      <\/a>\n    <\/div>\n      <div class=\"grid__item\">\n      <a href=\"https:\/\/www.weekend-provence.fr\/fr\/weekends\/pause-romantique-au-cur-d-un-vignoble-de-charme-5701186\" class=\"single-item\">\n        <div class=\"grid__img\">\n                      <img loading=\"lazy\" decoding=\"async\" src=\"https:\/\/static.apidae-tourisme.com\/filestore\/objets-touristiques\/images\/197\/210\/17683141-diaporama.jpg\" alt=\"Balade romantique dans les vignes\"\n              title=\"Balade romantique dans les vignes\" width=\"640\" height=\"300\" \/>\n                            <\/div>\n        <div class=\"grid__inner\">\n            \n            \n          <h2 class=\"formattedText\">Pause romantique au c\u0153ur d'un vignoble de charme<\/h2>\n            \n          <div class=\"grid__sub\">\n            <div class=\"grid__datetime\">\n              <span class=\"grid__commune\">\n                <i class=\"fa-thin fa-map-marker-alt\"><\/i>&nbsp;\n                <span\n                  itemprop=\"streetAddress\">609 Route de Malpasset<\/span>&nbsp;                <span\n                  itemprop=\"streetAddress\">Lieu dit Sainte Brigitte - RD37<\/span>&nbsp;                                -&nbsp;                Fr\u00e9jus              <\/span>\n            <\/div>\n          <\/div>\n        <\/div>\n      <\/a>\n    <\/div>\n      <div class=\"grid__item\">\n      <a href=\"https:\/\/www.weekend-provence.fr\/fr\/weekends\/road-trip-insolite-en-van-tout-confort-5828138\" class=\"single-item\">\n        <div class=\"grid__img\">\n                      <img loading=\"lazy\" decoding=\"async\" src=\"https:\/\/www.weekend-provence.fr\/app\/plugins\/apidae\/public\/files\/mini\/road-trip-insolite-en-van-tout-confort_5828138_1.jpg\" alt=\"Road trip sur la Corniche d'Or\"\n              title=\"Road trip sur la Corniche d'Or\" width=\"640\" height=\"300\" \/>\n                            <\/div>\n        <div class=\"grid__inner\">\n            \n            \n          <h2 class=\"formattedText\">Road trip insolite en van tout confort<\/h2>\n            \n          <div class=\"grid__sub\">\n            <div class=\"grid__datetime\">\n              <span class=\"grid__commune\">\n                <i class=\"fa-thin fa-map-marker-alt\"><\/i>&nbsp;\n                <span\n                  itemprop=\"streetAddress\">85 Avenue Pierre Laugier<\/span>&nbsp;                                                -&nbsp;                Fr\u00e9jus              <\/span>\n            <\/div>\n          <\/div>\n        <\/div>\n      <\/a>\n    <\/div>\n      <div class=\"grid__item\">\n      <a href=\"https:\/\/www.weekend-provence.fr\/fr\/weekends\/saint-valentin-gourmande-en-hotel-de-charme-7664195\" class=\"single-item\">\n        <div class=\"grid__img\">\n                      <img loading=\"lazy\" decoding=\"async\" src=\"https:\/\/www.weekend-provence.fr\/app\/plugins\/apidae\/public\/files\/mini\/saint-valentin-gourmande-en-hotel-de-charme_7664195_1.jpg\" alt=\"Profitez de votre Saint Valentin\"\n              title=\"Profitez de votre Saint Valentin\" width=\"640\" height=\"300\" \/>\n                            <\/div>\n        <div class=\"grid__inner\">\n            \n            \n          <h2 class=\"formattedText\">Saint Valentin gourmande en h\u00f4tel de charme<\/h2>\n            \n          <div class=\"grid__sub\">\n            <div class=\"grid__datetime\">\n              <span class=\"grid__commune\">\n                <i class=\"fa-thin fa-map-marker-alt\"><\/i>&nbsp;\n                <span\n                  itemprop=\"streetAddress\">H\u00f4tel Ar\u00e9na 3*<\/span>&nbsp;                <span\n                  itemprop=\"streetAddress\">139 - 145 Rue du G\u00e9n\u00e9ral de Gaulle<\/span>&nbsp;                                -&nbsp;                Fr\u00e9jus              <\/span>\n            <\/div>\n          <\/div>\n        <\/div>\n      <\/a>\n    <\/div>\n      <div class=\"grid__item\">\n      <a href=\"https:\/\/www.weekend-provence.fr\/fr\/weekends\/escapade-insolite-en-love-room-6024492\" class=\"single-item\">\n        <div class=\"grid__img\">\n                      <img loading=\"lazy\" decoding=\"async\" src=\"https:\/\/www.weekend-provence.fr\/app\/plugins\/apidae\/public\/files\/mini\/escapade-insolite-en-love-room_6024492_1.jpg\" alt=\"D\u00e9tente en baln\u00e9o\"\n              title=\"D\u00e9tente en baln\u00e9o\" width=\"640\" height=\"300\" \/>\n                            <\/div>\n        <div class=\"grid__inner\">\n            \n            \n          <h2 class=\"formattedText\">Escapade insolite en Love Room****<\/h2>\n            \n          <div class=\"grid__sub\">\n            <div class=\"grid__datetime\">\n              <span class=\"grid__commune\">\n                <i class=\"fa-thin fa-map-marker-alt\"><\/i>&nbsp;\n                <span\n                  itemprop=\"streetAddress\">334 chemin des ch\u00eanes verts<\/span>&nbsp;                                                -&nbsp;                Puget-sur-Argens              <\/span>\n            <\/div>\n          <\/div>\n        <\/div>\n      <\/a>\n    <\/div>\n      <div class=\"grid__item\">\n      <a href=\"https:\/\/www.weekend-provence.fr\/fr\/weekends\/mon-instant-spa-sous-les-pins-5591165\" class=\"single-item\">\n        <div class=\"grid__img\">\n                      <img loading=\"lazy\" decoding=\"async\" src=\"https:\/\/www.weekend-provence.fr\/app\/plugins\/apidae\/public\/files\/mini\/mon-instant-spa-sous-les-pins_5591165_1.jpg\" alt=\"Votre Spa priv\u00e9\"\n              title=\"Votre Spa priv\u00e9\" width=\"640\" height=\"300\" \/>\n                            <\/div>\n        <div class=\"grid__inner\">\n            \n            \n          <h2 class=\"formattedText\">Mon instant SPA sous les pins<\/h2>\n            \n          <div class=\"grid__sub\">\n            <div class=\"grid__datetime\">\n              <span class=\"grid__commune\">\n                <i class=\"fa-thin fa-map-marker-alt\"><\/i>&nbsp;\n                <span\n                  itemprop=\"streetAddress\">Yelloh Village 4* La Bastiane<\/span>&nbsp;                <span\n                  itemprop=\"streetAddress\">1056 chemin des suvi\u00e8res<\/span>&nbsp;                                -&nbsp;                Puget-sur-Argens              <\/span>\n            <\/div>\n          <\/div>\n        <\/div>\n      <\/a>\n    <\/div>\n      <div class=\"grid__item\">\n      <a href=\"https:\/\/www.weekend-provence.fr\/fr\/weekends\/bulle-romantique-sous-les-etoiles-4980284\" class=\"single-item\">\n        <div class=\"grid__img\">\n                      <img loading=\"lazy\" decoding=\"async\" src=\"https:\/\/www.weekend-provence.fr\/app\/plugins\/apidae\/public\/files\/mini\/bulle-romantique-sous-les-etoiles_4980284_1.jpg\" alt=\"Pause d\u00e9tente au champagne\"\n              title=\"Pause d\u00e9tente au champagne\" width=\"640\" height=\"300\" \/>\n                            <\/div>\n        <div class=\"grid__inner\">\n            \n            \n          <h2 class=\"formattedText\">Bulle romantique sous les \u00e9toiles<\/h2>\n            \n          <div class=\"grid__sub\">\n            <div class=\"grid__datetime\">\n              <span class=\"grid__commune\">\n                <i class=\"fa-thin fa-map-marker-alt\"><\/i>&nbsp;\n                <span\n                  itemprop=\"streetAddress\">1241 Route de Marchandise<\/span>&nbsp;                                                -&nbsp;                Roquebrune-sur-Argens              <\/span>\n            <\/div>\n          <\/div>\n        <\/div>\n      <\/a>\n    <\/div>\n      <div class=\"grid__item\">\n      <a href=\"https:\/\/www.weekend-provence.fr\/fr\/weekends\/ma-bulle-de-verre-sous-les-pins-5433771\" class=\"single-item\">\n        <div class=\"grid__img\">\n                      <img loading=\"lazy\" decoding=\"async\" src=\"https:\/\/www.weekend-provence.fr\/app\/plugins\/apidae\/public\/files\/mini\/ma-bulle-de-verre-sous-les-pins_5433771_1.jpg\" alt=\"Bain bouillonnant en toute intimit\u00e9\"\n              title=\"Bain bouillonnant en toute intimit\u00e9\" width=\"640\" height=\"300\" \/>\n                            <\/div>\n        <div class=\"grid__inner\">\n            \n            \n          <h2 class=\"formattedText\">Ma bulle de verre sous les pins<\/h2>\n            \n          <div class=\"grid__sub\">\n            <div class=\"grid__datetime\">\n              <span class=\"grid__commune\">\n                <i class=\"fa-thin fa-map-marker-alt\"><\/i>&nbsp;\n                <span\n                  itemprop=\"streetAddress\">1241 Route de Marchandise<\/span>&nbsp;                                                -&nbsp;                Roquebrune-sur-Argens              <\/span>\n            <\/div>\n          <\/div>\n        <\/div>\n      <\/a>\n    <\/div>\n      <div class=\"grid__item\">\n      <a href=\"https:\/\/www.weekend-provence.fr\/fr\/weekends\/spa-et-cocooning-a-la-bastide-6825429\" class=\"single-item\">\n        <div class=\"grid__img\">\n                      <img loading=\"lazy\" decoding=\"async\" src=\"https:\/\/www.weekend-provence.fr\/app\/plugins\/apidae\/public\/files\/mini\/spa-et-cocooning-a-la-bastide_6825429_1.jpg\" alt=\"Chambre Le Clos 2\"\n              title=\"Chambre Le Clos 2\" width=\"640\" height=\"300\" \/>\n                            <\/div>\n        <div class=\"grid__inner\">\n            \n            \n          <h2 class=\"formattedText\">SPA et cocooning \u00e0 la bastide<\/h2>\n            \n          <div class=\"grid__sub\">\n            <div class=\"grid__datetime\">\n              <span class=\"grid__commune\">\n                <i class=\"fa-thin fa-map-marker-alt\"><\/i>&nbsp;\n                <span\n                  itemprop=\"streetAddress\">776B Chemin des Fourques<\/span>&nbsp;                                                -&nbsp;                Roquebrune-sur-Argens              <\/span>\n            <\/div>\n          <\/div>\n        <\/div>\n      <\/a>\n    <\/div>\n      <div class=\"grid__item\">\n      <a href=\"https:\/\/www.weekend-provence.fr\/fr\/weekends\/escapade-en-lodge-moderne-et-ecolo-7253588\" class=\"single-item\">\n        <div class=\"grid__img\">\n                      <img loading=\"lazy\" decoding=\"async\" src=\"https:\/\/www.weekend-provence.fr\/app\/plugins\/apidae\/public\/files\/mini\/escapade-en-lodge-moderne-et-ecolo_7253588_1.jpg\" alt=\"Instant de complicit\u00e9 sur la terrasse\"\n              title=\"Instant de complicit\u00e9 sur la terrasse\" width=\"640\" height=\"300\" \/>\n                            <\/div>\n        <div class=\"grid__inner\">\n            \n            \n          <h2 class=\"formattedText\">Escapade en lodge moderne et \u00e9colo<\/h2>\n            \n          <div class=\"grid__sub\">\n            <div class=\"grid__datetime\">\n              <span class=\"grid__commune\">\n                <i class=\"fa-thin fa-map-marker-alt\"><\/i>&nbsp;\n                                <span\n                  itemprop=\"streetAddress\">1090 Avenue du Colonnel Brooke<\/span>&nbsp;                                -&nbsp;                Saint-Rapha\u00ebl              <\/span>\n            <\/div>\n          <\/div>\n        <\/div>\n      <\/a>\n    <\/div>\n      <div class=\"grid__item\">\n      <a href=\"https:\/\/www.weekend-provence.fr\/fr\/weekends\/escapade-privee-au-spa-6392390\" class=\"single-item\">\n        <div class=\"grid__img\">\n                      <img loading=\"lazy\" decoding=\"async\" src=\"https:\/\/www.weekend-provence.fr\/app\/plugins\/apidae\/public\/files\/mini\/escapade-privee-au-spa_6392390_1.jpg\" alt=\"D\u00e9tente dans le bain bouillonnant\"\n              title=\"D\u00e9tente dans le bain bouillonnant\" width=\"640\" height=\"300\" \/>\n                            <\/div>\n        <div class=\"grid__inner\">\n            \n            \n          <h2 class=\"formattedText\">Escapade priv\u00e9e au SPA<\/h2>\n            \n          <div class=\"grid__sub\">\n            <div class=\"grid__datetime\">\n              <span class=\"grid__commune\">\n                <i class=\"fa-thin fa-map-marker-alt\"><\/i>&nbsp;\n                                <span\n                  itemprop=\"streetAddress\">155 Rue de la Garonne<\/span>&nbsp;                                -&nbsp;                Saint-Rapha\u00ebl              <\/span>\n            <\/div>\n          <\/div>\n        <\/div>\n      <\/a>\n    <\/div>\n      <div class=\"grid__item\">\n      <a href=\"https:\/\/www.weekend-provence.fr\/fr\/weekends\/parenthese-coquine-sur-la-marina-4980132\" class=\"single-item\">\n        <div class=\"grid__img\">\n                      <img loading=\"lazy\" decoding=\"async\" src=\"https:\/\/www.weekend-provence.fr\/app\/plugins\/apidae\/public\/files\/mini\/parenthese-coquine-sur-la-marina_4980132_1.jpg\" alt=\"Petit-d\u00e9jeuner en chambre en amoureux\"\n              title=\"Petit-d\u00e9jeuner en chambre en amoureux\" width=\"640\" height=\"300\" \/>\n                            <\/div>\n        <div class=\"grid__inner\">\n            \n            \n          <h2 class=\"formattedText\">Parenth\u00e8se coquine sur la marina<\/h2>\n            \n          <div class=\"grid__sub\">\n            <div class=\"grid__datetime\">\n              <span class=\"grid__commune\">\n                <i class=\"fa-thin fa-map-marker-alt\"><\/i>&nbsp;\n                <span\n                  itemprop=\"streetAddress\">H\u00f4tel Best Western Plus La Marina 4*<\/span>&nbsp;                <span\n                  itemprop=\"streetAddress\">30 Place de la Marina<\/span>&nbsp;                                -&nbsp;                Saint-Rapha\u00ebl              <\/span>\n            <\/div>\n          <\/div>\n        <\/div>\n      <\/a>\n    <\/div>\n      <div class=\"grid__item\">\n      <a href=\"https:\/\/www.weekend-provence.fr\/fr\/weekends\/romance-spa-sur-le-green-4980007\" class=\"single-item\">\n        <div class=\"grid__img\">\n                      <img loading=\"lazy\" decoding=\"async\" src=\"https:\/\/www.weekend-provence.fr\/app\/plugins\/apidae\/public\/files\/mini\/romance-spa-sur-le-green_4980007_1.jpg\" alt=\"Pause dans le bassin exp\u00e9rience\"\n              title=\"Pause dans le bassin exp\u00e9rience\" width=\"640\" height=\"300\" \/>\n                            <\/div>\n        <div class=\"grid__inner\">\n            \n            \n          <h2 class=\"formattedText\">Romance & SPA sur le green<\/h2>\n            \n          <div class=\"grid__sub\">\n            <div class=\"grid__datetime\">\n              <span class=\"grid__commune\">\n                <i class=\"fa-thin fa-map-marker-alt\"><\/i>&nbsp;\n                <span\n                  itemprop=\"streetAddress\">Garrigae Domaine de l'Esterel<\/span>&nbsp;                <span\n                  itemprop=\"streetAddress\">805 Boulevard Darby<\/span>&nbsp;                                -&nbsp;                Saint-Rapha\u00ebl              <\/span>\n            <\/div>\n          <\/div>\n        <\/div>\n      <\/a>\n    <\/div>\n      <div class=\"grid__item\">\n      <a href=\"https:\/\/www.weekend-provence.fr\/fr\/weekends\/romance-confidentielle-au-spa-6021406\" class=\"single-item\">\n        <div class=\"grid__img\">\n                      <img loading=\"lazy\" decoding=\"async\" src=\"https:\/\/www.weekend-provence.fr\/app\/plugins\/apidae\/public\/files\/mini\/romance-confidentielle-au-spa_6021406_1.jpg\" alt=\"Petit d\u00e9jeuner en chambre\"\n              title=\"Petit d\u00e9jeuner en chambre\" width=\"640\" height=\"300\" \/>\n                            <\/div>\n        <div class=\"grid__inner\">\n            \n            \n          <h2 class=\"formattedText\">Romance confidentielle au SPA<\/h2>\n            \n          <div class=\"grid__sub\">\n            <div class=\"grid__datetime\">\n              <span class=\"grid__commune\">\n                <i class=\"fa-thin fa-map-marker-alt\"><\/i>&nbsp;\n                                <span\n                  itemprop=\"streetAddress\">1090 Avenue du Colonnel Brooke<\/span>&nbsp;                                -&nbsp;                Saint-Rapha\u00ebl              <\/span>\n            <\/div>\n          <\/div>\n        <\/div>\n      <\/a>\n    <\/div>\n      <div class=\"grid__item\">\n      <a href=\"https:\/\/www.weekend-provence.fr\/fr\/weekends\/saint-valentin-sur-la-marina-5430006\" class=\"single-item\">\n        <div class=\"grid__img\">\n                      <img loading=\"lazy\" decoding=\"async\" src=\"https:\/\/www.weekend-provence.fr\/app\/plugins\/apidae\/public\/files\/mini\/saint-valentin-sur-la-marina_5430006_1.jpg\" alt=\"Votre Saint Valentin sur la Marina\"\n              title=\"Votre Saint Valentin sur la Marina\" width=\"640\" height=\"300\" \/>\n                            <\/div>\n        <div class=\"grid__inner\">\n            \n            \n          <h2 class=\"formattedText\">Saint Valentin sur la marina<\/h2>\n            \n          <div class=\"grid__sub\">\n            <div class=\"grid__datetime\">\n              <span class=\"grid__commune\">\n                <i class=\"fa-thin fa-map-marker-alt\"><\/i>&nbsp;\n                <span\n                  itemprop=\"streetAddress\">30 Place de la Marina<\/span>&nbsp;                                                -&nbsp;                Saint-Rapha\u00ebl              <\/span>\n            <\/div>\n          <\/div>\n        <\/div>\n      <\/a>\n    <\/div>\n      <div class=\"grid__item\">\n      <a href=\"https:\/\/www.weekend-provence.fr\/fr\/weekends\/saint-valentin-musicale-au-casino-6789589\" class=\"single-item\">\n        <div class=\"grid__img\">\n                      <img loading=\"lazy\" decoding=\"async\" src=\"https:\/\/www.weekend-provence.fr\/app\/plugins\/apidae\/public\/files\/mini\/saint-valentin-musicale-au-casino_6789589_1.jpg\" alt=\"Votre soir\u00e9e Saint Valentin au Casino\"\n              title=\"Votre soir\u00e9e Saint Valentin au Casino\" width=\"640\" height=\"300\" \/>\n                            <\/div>\n        <div class=\"grid__inner\">\n            \n            \n          <h2 class=\"formattedText\">Saint-Valentin musicale au Casino<\/h2>\n            \n          <div class=\"grid__sub\">\n            <div class=\"grid__datetime\">\n              <span class=\"grid__commune\">\n                <i class=\"fa-thin fa-map-marker-alt\"><\/i>&nbsp;\n                                <span\n                  itemprop=\"streetAddress\">155 Rue de la Garonne<\/span>&nbsp;                                -&nbsp;                Saint-Rapha\u00ebl              <\/span>\n            <\/div>\n          <\/div>\n        <\/div>\n      <\/a>\n    <\/div>\n  \t<\/ul>\n<\/noscript><div id=\"prestaItems-1470987085\" class=\"prestaItems wp-block-apidae-prestas align\">\r\n\t\t\t<apidae-prestas\r\n\t\t\t\tslug=\"wep-autour-de-saint-raphael\"\r\n\t\t\t\tlayout-mode=\"list\"\r\n\t\t\t\tmap-height=\"\"\r\n\t\t\t\ttheme=\"default\"\r\n\t\t\t\ttype=\"slide\"\r\n\t\t\t\ttype-filtre=\"horizontal\"\r\n\t\t\t\ttype-paginate=\"INFINITE\"\r\n\t\t\t\ttitle=\"\"\r\n\t\t\t\t:nb-per-page=\"12\"\r\n\t\t\t\tfilter=\"\"\r\n\t\t\t\tlang=\"fr\"\r\n\t\t\t\t:groupe-ids-to-hide=\"[7]\"\r\n\t\t\t\t:groupe-ids-to-open=\"[31]\"\r\n\t\t\t\t:tri-filters=\"['triEvenement','classement','alphabetique']\"\r\n\t\t\t\t:tri=\"['alphabetique']\"\r\n        :show-filtre=\"0\"\r\n\t\t\t\t:show-filtre-nb-results=\"1\"\r\n        :show-filtre-results=\"0\"\r\n        :show-filtre-lib=\"1\"\r\n        :show-filtre-tri=\"0\"\r\n        :show-filtre-groupes=\"1\"\r\n        :show-filtre-date=\"0\"\r\n        :show-filtre-age=\"0\"\r\n        :show-filtre-price=\"0\"\r\n        :show-filtre-capacity=\"0\"\r\n        :show-filtre-nombre-chambres=\"0\"\r\n        :show-filtre-nombre-jours=\"0\"\r\n        :show-filtre-nombre-nuits=\"0\"\r\n        :show-filtre-distance=\"0\"\r\n        :show-filtre-duration=\"0\"\r\n        :show-filtre-elevation=\"0\"\r\n        :show-filtre-geolocalisation=\"0\"\r\n        :show-prestas=\"1\"\r\n\t\t\t\t:show-prestas-address=\"0\"\r\n\t\t\t\t:show-prestas-attributes=\"0\"\r\n\t\t\t\t:show-prestas-breadcrumb=\"0\"\r\n\t\t\t\t:show-prestas-calendar=\"0\"\r\n\t\t\t\t:show-prestas-cart=\"1\"\r\n\t\t\t\t:show-prestas-categorie=\"0\"\r\n\t\t\t\t:show-prestas-contact=\"0\"\r\n\t\t\t\t:show-prestas-coordonnee=\"0\"\r\n\t\t\t\t:show-prestas-cover=\"1\"\r\n\t\t\t\t:show-prestas-date=\"0\"\r\n\t\t\t\t:show-prestas-description=\"1\"\r\n\t\t\t\t:show-prestas-dispo=\"0\"\r\n\t\t\t\t:show-prestas-gallery=\"0\"\r\n\t\t\t\t:show-prestas-fair-guest=\"0\"\r\n\t\t\t\t:show-prestas-fair-guest-lite=\"0\"\r\n\t\t\t\t:show-prestas-logo=\"0\"\r\n\t\t\t\t:show-prestas-map=\"0\"\r\n\t\t\t\t:show-prestas-map-closed=\"1\"\r\n\t\t\t\t:show-prestas-map-cluster=\"1\"\r\n\t\t\t\t:show-prestas-map-controls=\"0\"\r\n\t\t\t\t:show-prestas-map-zoom-scroll=\"0\"\r\n\t\t\t\t:show-prestas-objets-lies=\"0\"\r\n\t\t\t\t:show-prestas-opened=\"0\"\r\n\t\t\t\t:show-prestas-tarif=\"1\"\r\n\t\t\t\t:show-prestas-title=\"1\"\r\n\t\t\t\t:show-presta-address=\"1\"\r\n\t\t\t\t:show-presta-attributes=\"1\"\r\n\t\t\t\t:show-presta-back=\"1\"\r\n\t\t\t\t:show-presta-breadcrumb=\"0\"\r\n\t\t\t\t:show-presta-calendar=\"1\"\r\n\t\t\t\t:show-presta-cart=\"0\"\r\n\t\t\t\t:show-presta-categorie=\"1\"\r\n\t\t\t\t:show-presta-contact=\"0\"\r\n\t\t\t\t:show-presta-coordonnee=\"1\"\r\n\t\t\t\t:show-presta-cover=\"1\"\r\n\t\t\t\t:show-presta-date=\"1\"\r\n\t\t\t\t:show-presta-description=\"1\"\r\n\t\t\t\t:show-presta-dispo=\"1\"\r\n\t\t\t\t:show-presta-gallery=\"1\"\r\n\t\t\t\t:show-presta-fair-guest=\"0\"\r\n\t\t\t\t:show-presta-fair-guest-lite=\"0\"\r\n\t\t\t\t:show-presta-logo=\"1\"\r\n\t\t\t\t:show-presta-map=\"1\"\r\n\t\t\t\t:show-presta-map-closed=\"1\"\r\n\t\t\t\t:show-presta-map-cluster=\"1\"\r\n\t\t\t\t:show-presta-map-controls=\"1\"\r\n\t\t\t\t:show-presta-map-zoom-scroll=\"1\"\r\n\t\t\t\t:show-presta-objets-attaches=\"1\"\r\n\t\t\t\t:show-presta-objets-croises=\"1\"\r\n\t\t\t\t:show-presta-objets-geres=\"1\"\r\n\t\t\t\t:show-presta-objets-lies=\"1\"\r\n\t\t\t\t:show-presta-opened=\"1\"\r\n\t\t\t\t:show-presta-tarif=\"1\"\r\n\t\t\t\t:show-presta-title=\"1\"\r\n\t\t\t\t:show-presta-view=\"0\">\r\n\t\t\t<\/apidae-prestas>\r\n\t\t<\/div>\n\n\n<div style=\"height:100px\" aria-hidden=\"true\" class=\"wp-block-spacer\"><\/div>\n","protected":false},"excerpt":{"rendered":"<p>Est\u00e9rel C\u00f4te d\u2019Azur est un v\u00e9ritable paradis pour les amoureux de la nature et de la mer. Entre roches rouges et criques sauvages, l\u2019Est\u00e9rel, qui s\u2019\u00e9tend sur les communes de Fr\u00e9jus et Saint-Rapha\u00ebl, offre une vue imprenable sur le bleu de la M\u00e9diterran\u00e9e. C\u2019est le lieu id\u00e9al pour une escapade romantique ou pour passer un&#8230;<\/p>\n","protected":false},"author":1,"featured_media":761,"parent":601,"menu_order":4,"comment_status":"closed","ping_status":"closed","template":"","meta":{"_acf_changed":false,"_crdt_document":"","footnotes":""},"class_list":["post-611","page","type-page","status-publish","has-post-thumbnail","hentry"],"acf":[],"_links":{"self":[{"href":"https:\/\/www.weekend-provence.fr\/fr\/wp-json\/wp\/v2\/pages\/611","targetHints":{"allow":["GET"]}}],"collection":[{"href":"https:\/\/www.weekend-provence.fr\/fr\/wp-json\/wp\/v2\/pages"}],"about":[{"href":"https:\/\/www.weekend-provence.fr\/fr\/wp-json\/wp\/v2\/types\/page"}],"author":[{"embeddable":true,"href":"https:\/\/www.weekend-provence.fr\/fr\/wp-json\/wp\/v2\/users\/1"}],"replies":[{"embeddable":true,"href":"https:\/\/www.weekend-provence.fr\/fr\/wp-json\/wp\/v2\/comments?post=611"}],"version-history":[{"count":8,"href":"https:\/\/www.weekend-provence.fr\/fr\/wp-json\/wp\/v2\/pages\/611\/revisions"}],"predecessor-version":[{"id":938,"href":"https:\/\/www.weekend-provence.fr\/fr\/wp-json\/wp\/v2\/pages\/611\/revisions\/938"}],"up":[{"embeddable":true,"href":"https:\/\/www.weekend-provence.fr\/fr\/wp-json\/wp\/v2\/pages\/601"}],"wp:featuredmedia":[{"embeddable":true,"href":"https:\/\/www.weekend-provence.fr\/fr\/wp-json\/wp\/v2\/media\/761"}],"wp:attachment":[{"href":"https:\/\/www.weekend-provence.fr\/fr\/wp-json\/wp\/v2\/media?parent=611"}],"curies":[{"name":"wp","href":"https:\/\/api.w.org\/{rel}","templated":true}]}}