{"id":621,"date":"2024-05-14T09:09:39","date_gmt":"2024-05-14T09:09:39","guid":{"rendered":"https:\/\/www.weekend-provence.fr\/?page_id=621"},"modified":"2025-11-28T09:27:30","modified_gmt":"2025-11-28T09:27:30","slug":"blog","status":"publish","type":"page","link":"https:\/\/www.weekend-provence.fr\/fr\/blog","title":{"rendered":"Inspirez-vous"},"content":{"rendered":"\n<div class=\"wp-block-group alignwide is-layout-flow wp-block-group-is-layout-flow\" style=\"margin-top:0\">\n<p class=\"has-text-align-left has-2-xl-font-size wp-block-paragraph\">D\u00e9couvrez nos articles de <strong>blog<\/strong><\/p>\n\n\n\n<div class=\"wp-block-columns alignfull is-layout-flex wp-container-core-columns-is-layout-0defc3be wp-block-columns-is-layout-flex\">\n<div class=\"wp-block-column is-layout-flow wp-block-column-is-layout-flow\" style=\"flex-basis:20%\">\n<p class=\"has-lg-font-size wp-block-paragraph\" style=\"border-bottom-color:var(--wp--preset--color--slate-400);border-bottom-width:1px;line-height:3;text-transform:uppercase\"><strong>Filtres<\/strong><\/p>\n\n\n<ul class=\"wp-block-categories-list wp-block-categories-taxonomy-category alignfull wp-block-categories\">\t<li class=\"cat-item cat-item-27\"><a href=\"https:\/\/www.weekend-provence.fr\/fr\/category\/destination\">Destination<\/a> (6)\n<\/li>\n\t<li class=\"cat-item cat-item-25\"><a href=\"https:\/\/www.weekend-provence.fr\/fr\/category\/en-couple\">En couple<\/a> (3)\n<\/li>\n\t<li class=\"cat-item cat-item-24\"><a href=\"https:\/\/www.weekend-provence.fr\/fr\/category\/entre-amis\">Entre amis<\/a> (4)\n<\/li>\n\t<li class=\"cat-item cat-item-26\"><a href=\"https:\/\/www.weekend-provence.fr\/fr\/category\/saison\">Saison<\/a> (5)\n<\/li>\n\t<li class=\"cat-item cat-item-22\"><a href=\"https:\/\/www.weekend-provence.fr\/fr\/category\/sejours\">S\u00e9jours<\/a> (5)\n<\/li>\n\t<li class=\"cat-item cat-item-23\"><a href=\"https:\/\/www.weekend-provence.fr\/fr\/category\/week-end\">Week-end<\/a> (2)\n<\/li>\n\t<li class=\"cat-item cat-item-1\"><a href=\"https:\/\/www.weekend-provence.fr\/fr\/category\/tous-les-articles\">Tous les articles<\/a> (14)\n<\/li>\n<\/ul><\/div>\n\n\n\n<div class=\"wp-block-column is-layout-flow wp-block-column-is-layout-flow\" style=\"flex-basis:80%\">\n<div class=\"wp-block-query alignfull is-layout-flow wp-block-query-is-layout-flow\"><ul class=\"columns-3 wp-block-post-template is-layout-grid wp-container-core-post-template-is-layout-748c1b9b wp-block-post-template-is-layout-grid\"><li class=\"wp-block-post post-2258 post type-post status-publish format-standard has-post-thumbnail hentry category-destination\">\n\n<div style=\"aspect-ratio:3\/4;height:unset;min-height:unset;\" class=\"wp-block-cover has-custom-content-position is-position-bottom-center has-aspect-ratio\"><span aria-hidden=\"true\" class=\"wp-block-cover__background has-background-dim-60 has-background-dim has-background-gradient has-bg-gradient-to-black-bottom-gradient-background\"><\/span><img loading=\"lazy\" decoding=\"async\" width=\"1200\" height=\"1200\" src=\"https:\/\/www.weekend-provence.fr\/app\/uploads\/2026\/03\/1-1.webp\" class=\"wp-block-cover__image-background not-transparent wp-post-image\" alt=\"\" data-object-fit=\"cover\" srcset=\"https:\/\/www.weekend-provence.fr\/app\/uploads\/2026\/03\/1-1.webp 1200w, https:\/\/www.weekend-provence.fr\/app\/uploads\/2026\/03\/1-1-300x300.webp 300w, https:\/\/www.weekend-provence.fr\/app\/uploads\/2026\/03\/1-1-1024x1024.webp 1024w, https:\/\/www.weekend-provence.fr\/app\/uploads\/2026\/03\/1-1-768x768.webp 768w\" sizes=\"auto, (max-width: 1200px) 100vw, 1200px\" data-has-transparency=\"false\" data-dominant-color=\"8d8879\" style=\"--dominant-color: #8d8879;\" \/><div class=\"wp-block-cover__inner-container is-layout-constrained wp-block-cover-is-layout-constrained\"><h2 class=\"has-text-align-center wp-block-post-title has-3-xl-font-size\"><a href=\"https:\/\/www.weekend-provence.fr\/fr\/ou-admirer-les-premieres-fleurs-de-printemps-en-provence\" target=\"_self\" >O\u00f9 admirer les premi\u00e8res fleurs de printemps en Provence ?<\/a><\/h2><\/div><\/div>\n\n<\/li><li class=\"wp-block-post post-2182 post type-post status-publish format-standard has-post-thumbnail hentry category-en-couple category-sejours\">\n\n<div style=\"aspect-ratio:3\/4;height:unset;min-height:unset;\" class=\"wp-block-cover has-custom-content-position is-position-bottom-center has-aspect-ratio\"><span aria-hidden=\"true\" class=\"wp-block-cover__background has-background-dim-60 has-background-dim has-background-gradient has-bg-gradient-to-black-bottom-gradient-background\"><\/span><img loading=\"lazy\" decoding=\"async\" width=\"1920\" height=\"1080\" src=\"https:\/\/www.weekend-provence.fr\/app\/uploads\/2024\/06\/Romantique-1.webp\" class=\"wp-block-cover__image-background not-transparent wp-post-image\" alt=\"\" data-object-fit=\"cover\" srcset=\"https:\/\/www.weekend-provence.fr\/app\/uploads\/2024\/06\/Romantique-1.webp 1920w, https:\/\/www.weekend-provence.fr\/app\/uploads\/2024\/06\/Romantique-1-300x169.webp 300w, https:\/\/www.weekend-provence.fr\/app\/uploads\/2024\/06\/Romantique-1-1024x576.webp 1024w, https:\/\/www.weekend-provence.fr\/app\/uploads\/2024\/06\/Romantique-1-768x432.webp 768w, https:\/\/www.weekend-provence.fr\/app\/uploads\/2024\/06\/Romantique-1-1536x864.webp 1536w\" sizes=\"auto, (max-width: 1920px) 100vw, 1920px\" data-has-transparency=\"false\" data-dominant-color=\"9e704d\" style=\"--dominant-color: #9e704d;\" \/><div class=\"wp-block-cover__inner-container is-layout-constrained wp-block-cover-is-layout-constrained\"><h2 class=\"has-text-align-center wp-block-post-title has-3-xl-font-size\"><a href=\"https:\/\/www.weekend-provence.fr\/fr\/special-saint-valentin-les-lieux-les-plus-romantiques\" target=\"_self\" >Sp\u00e9cial Saint-Valentin : les lieux les plus romantiques<\/a><\/h2><\/div><\/div>\n\n<\/li><li class=\"wp-block-post post-2136 post type-post status-publish format-standard has-post-thumbnail hentry category-destination\">\n\n<div style=\"aspect-ratio:3\/4;height:unset;min-height:unset;\" class=\"wp-block-cover has-custom-content-position is-position-bottom-center has-aspect-ratio\"><span aria-hidden=\"true\" class=\"wp-block-cover__background has-background-dim-60 has-background-dim has-background-gradient has-bg-gradient-to-black-bottom-gradient-background\"><\/span><img loading=\"lazy\" decoding=\"async\" width=\"2560\" height=\"1705\" src=\"https:\/\/www.weekend-provence.fr\/app\/uploads\/2026\/01\/DJI_0360-scaled.webp\" class=\"wp-block-cover__image-background not-transparent wp-post-image\" alt=\"\" data-object-fit=\"cover\" srcset=\"https:\/\/www.weekend-provence.fr\/app\/uploads\/2026\/01\/DJI_0360-scaled.webp 2560w, https:\/\/www.weekend-provence.fr\/app\/uploads\/2026\/01\/DJI_0360-300x200.webp 300w, https:\/\/www.weekend-provence.fr\/app\/uploads\/2026\/01\/DJI_0360-1024x682.webp 1024w, https:\/\/www.weekend-provence.fr\/app\/uploads\/2026\/01\/DJI_0360-768x512.webp 768w, https:\/\/www.weekend-provence.fr\/app\/uploads\/2026\/01\/DJI_0360-1536x1023.webp 1536w, https:\/\/www.weekend-provence.fr\/app\/uploads\/2026\/01\/DJI_0360-2048x1364.webp 2048w\" sizes=\"auto, (max-width: 2560px) 100vw, 2560px\" data-has-transparency=\"false\" data-dominant-color=\"688f9e\" style=\"--dominant-color: #688f9e;\" \/><div class=\"wp-block-cover__inner-container is-layout-constrained wp-block-cover-is-layout-constrained\"><h2 class=\"has-text-align-center wp-block-post-title has-3-xl-font-size\"><a href=\"https:\/\/www.weekend-provence.fr\/fr\/les-meilleures-randonnees-a-decouvrir-en-hiver\" target=\"_self\" >Les meilleures randonn\u00e9es \u00e0 d\u00e9couvrir en hiver<\/a><\/h2><\/div><\/div>\n\n<\/li><li class=\"wp-block-post post-2047 post type-post status-publish format-standard has-post-thumbnail hentry category-saison category-sejours category-week-end\">\n\n<div style=\"aspect-ratio:3\/4;height:unset;min-height:unset;\" class=\"wp-block-cover has-custom-content-position is-position-bottom-center has-aspect-ratio\"><span aria-hidden=\"true\" class=\"wp-block-cover__background has-background-dim-60 has-background-dim has-background-gradient has-bg-gradient-to-black-bottom-gradient-background\"><\/span><img loading=\"lazy\" decoding=\"async\" width=\"2560\" height=\"1707\" src=\"https:\/\/www.weekend-provence.fr\/app\/uploads\/2025\/11\/pexels-george-dolgikh-551816-1303088-scaled-e1764059149887.webp\" class=\"wp-block-cover__image-background not-transparent wp-post-image\" alt=\"\" data-object-fit=\"cover\" data-has-transparency=\"false\" data-dominant-color=\"714c36\" style=\"--dominant-color: #714c36;\" \/><div class=\"wp-block-cover__inner-container is-layout-constrained wp-block-cover-is-layout-constrained\"><h2 class=\"has-text-align-center wp-block-post-title has-3-xl-font-size\"><a href=\"https:\/\/www.weekend-provence.fr\/fr\/bons-cadeaux-a-offrir-a-noel\" target=\"_self\" >Bons cadeaux \u00e0 offrir \u00e0 No\u00ebl<\/a><\/h2><\/div><\/div>\n\n<\/li><li class=\"wp-block-post post-1836 post type-post status-publish format-standard has-post-thumbnail hentry category-entre-amis category-saison category-sejours category-tous-les-articles\">\n\n<div style=\"aspect-ratio:3\/4;height:unset;min-height:unset;\" class=\"wp-block-cover has-custom-content-position is-position-bottom-center has-aspect-ratio\"><span aria-hidden=\"true\" class=\"wp-block-cover__background has-background-dim-60 has-background-dim has-background-gradient has-bg-gradient-to-black-bottom-gradient-background\"><\/span><img loading=\"lazy\" decoding=\"async\" width=\"2560\" height=\"1707\" src=\"https:\/\/www.weekend-provence.fr\/app\/uploads\/2025\/10\/alex-bertha-Jyg7xHRmXiU-unsplash-scaled.webp\" class=\"wp-block-cover__image-background not-transparent wp-post-image\" alt=\"\" data-object-fit=\"cover\" srcset=\"https:\/\/www.weekend-provence.fr\/app\/uploads\/2025\/10\/alex-bertha-Jyg7xHRmXiU-unsplash-scaled.webp 2560w, https:\/\/www.weekend-provence.fr\/app\/uploads\/2025\/10\/alex-bertha-Jyg7xHRmXiU-unsplash-300x200.webp 300w, https:\/\/www.weekend-provence.fr\/app\/uploads\/2025\/10\/alex-bertha-Jyg7xHRmXiU-unsplash-1024x683.webp 1024w, https:\/\/www.weekend-provence.fr\/app\/uploads\/2025\/10\/alex-bertha-Jyg7xHRmXiU-unsplash-768x512.webp 768w, https:\/\/www.weekend-provence.fr\/app\/uploads\/2025\/10\/alex-bertha-Jyg7xHRmXiU-unsplash-1536x1024.webp 1536w, https:\/\/www.weekend-provence.fr\/app\/uploads\/2025\/10\/alex-bertha-Jyg7xHRmXiU-unsplash-2048x1365.webp 2048w\" sizes=\"auto, (max-width: 2560px) 100vw, 2560px\" data-has-transparency=\"false\" data-dominant-color=\"a6c2cd\" style=\"--dominant-color: #a6c2cd;\" \/><div class=\"wp-block-cover__inner-container is-layout-constrained wp-block-cover-is-layout-constrained\"><h2 class=\"has-text-align-center wp-block-post-title has-3-xl-font-size\"><a href=\"https:\/\/www.weekend-provence.fr\/fr\/sejours-bien-etre-profitez-de-lautomne-en-provence-pour-vous-ressourcer\" target=\"_self\" >S\u00e9jours bien-\u00eatre : profitez de l\u2019automne en Provence pour vous ressourcer<\/a><\/h2><\/div><\/div>\n\n<\/li><li class=\"wp-block-post post-1781 post type-post status-publish format-standard has-post-thumbnail hentry category-destination category-entre-amis category-saison category-sejours category-tous-les-articles\">\n\n<div style=\"aspect-ratio:3\/4;height:unset;min-height:unset;\" class=\"wp-block-cover has-custom-content-position is-position-bottom-center has-aspect-ratio\"><span aria-hidden=\"true\" class=\"wp-block-cover__background has-background-dim-60 has-background-dim has-background-gradient has-bg-gradient-to-black-bottom-gradient-background\"><\/span><img loading=\"lazy\" decoding=\"async\" width=\"1120\" height=\"1067\" src=\"https:\/\/www.weekend-provence.fr\/app\/uploads\/2025\/10\/les-voiles-de-saint-tropez_7217773_6-e1759478350559.webp\" class=\"wp-block-cover__image-background not-transparent wp-post-image\" alt=\"\" data-object-fit=\"cover\" srcset=\"https:\/\/www.weekend-provence.fr\/app\/uploads\/2025\/10\/les-voiles-de-saint-tropez_7217773_6-e1759478350559.webp 1120w, https:\/\/www.weekend-provence.fr\/app\/uploads\/2025\/10\/les-voiles-de-saint-tropez_7217773_6-e1759478350559-300x286.webp 300w, https:\/\/www.weekend-provence.fr\/app\/uploads\/2025\/10\/les-voiles-de-saint-tropez_7217773_6-e1759478350559-1024x976.webp 1024w, https:\/\/www.weekend-provence.fr\/app\/uploads\/2025\/10\/les-voiles-de-saint-tropez_7217773_6-e1759478350559-768x732.webp 768w\" sizes=\"auto, (max-width: 1120px) 100vw, 1120px\" data-has-transparency=\"false\" data-dominant-color=\"abaaaf\" style=\"--dominant-color: #abaaaf;\" \/><div class=\"wp-block-cover__inner-container is-layout-constrained wp-block-cover-is-layout-constrained\"><h2 class=\"has-text-align-center wp-block-post-title has-3-xl-font-size\"><a href=\"https:\/\/www.weekend-provence.fr\/fr\/bien-preparer-votre-escapade-en-provence-les-incontournables-doctobre\" target=\"_self\" >Bien pr\u00e9parer votre escapade en Provence : les incontournables d\u2019octobre<\/a><\/h2><\/div><\/div>\n\n<\/li><li class=\"wp-block-post post-1683 post type-post status-publish format-standard has-post-thumbnail hentry category-destination category-en-couple category-entre-amis category-saison category-tous-les-articles\">\n\n<div style=\"aspect-ratio:3\/4;height:unset;min-height:unset;\" class=\"wp-block-cover has-custom-content-position is-position-bottom-center has-aspect-ratio\"><span aria-hidden=\"true\" class=\"wp-block-cover__background has-background-dim-60 has-background-dim has-background-gradient has-bg-gradient-to-black-bottom-gradient-background\"><\/span><img loading=\"lazy\" decoding=\"async\" width=\"2560\" height=\"1922\" src=\"https:\/\/www.weekend-provence.fr\/app\/uploads\/2025\/09\/pexels-david-sotto-1346078053-28304430-scaled.webp\" class=\"wp-block-cover__image-background not-transparent wp-post-image\" alt=\"\" data-object-fit=\"cover\" srcset=\"https:\/\/www.weekend-provence.fr\/app\/uploads\/2025\/09\/pexels-david-sotto-1346078053-28304430-scaled.webp 2560w, https:\/\/www.weekend-provence.fr\/app\/uploads\/2025\/09\/pexels-david-sotto-1346078053-28304430-300x225.webp 300w, https:\/\/www.weekend-provence.fr\/app\/uploads\/2025\/09\/pexels-david-sotto-1346078053-28304430-1024x769.webp 1024w, https:\/\/www.weekend-provence.fr\/app\/uploads\/2025\/09\/pexels-david-sotto-1346078053-28304430-768x577.webp 768w, https:\/\/www.weekend-provence.fr\/app\/uploads\/2025\/09\/pexels-david-sotto-1346078053-28304430-1536x1153.webp 1536w, https:\/\/www.weekend-provence.fr\/app\/uploads\/2025\/09\/pexels-david-sotto-1346078053-28304430-2048x1538.webp 2048w\" sizes=\"auto, (max-width: 2560px) 100vw, 2560px\" data-has-transparency=\"false\" data-dominant-color=\"827c61\" style=\"--dominant-color: #827c61;\" \/><div class=\"wp-block-cover__inner-container is-layout-constrained wp-block-cover-is-layout-constrained\"><h2 class=\"has-text-align-center wp-block-post-title has-3-xl-font-size\"><a href=\"https:\/\/www.weekend-provence.fr\/fr\/les-vendanges-en-provence-decouvrez-loenotourisme-en-septembre\" target=\"_self\" >Les vendanges en Provence : d\u00e9couvrez l\u2019\u0153notourisme en septembre<\/a><\/h2><\/div><\/div>\n\n<\/li><li class=\"wp-block-post post-1638 post type-post status-publish format-standard has-post-thumbnail hentry category-destination category-en-couple category-week-end category-tous-les-articles\">\n\n<div style=\"aspect-ratio:3\/4;height:unset;min-height:unset;\" class=\"wp-block-cover has-custom-content-position is-position-bottom-center has-aspect-ratio\"><span aria-hidden=\"true\" class=\"wp-block-cover__background has-background-dim-60 has-background-dim has-background-gradient has-bg-gradient-to-black-bottom-gradient-background\"><\/span><img loading=\"lazy\" decoding=\"async\" width=\"1800\" height=\"1201\" src=\"https:\/\/www.weekend-provence.fr\/app\/uploads\/2025\/08\/ECA8030-jpg-e1754471241705.webp\" class=\"wp-block-cover__image-background not-transparent wp-post-image\" alt=\"\" data-object-fit=\"cover\" data-has-transparency=\"false\" data-dominant-color=\"a3bbbc\" style=\"--dominant-color: #a3bbbc;\" \/><div class=\"wp-block-cover__inner-container is-layout-constrained wp-block-cover-is-layout-constrained\"><h2 class=\"has-text-align-center wp-block-post-title has-3-xl-font-size\"><a href=\"https:\/\/www.weekend-provence.fr\/fr\/top-des-plus-belles-baignades\" target=\"_self\" >Top des plus belles baignades<\/a><\/h2><\/div><\/div>\n\n<\/li><li class=\"wp-block-post post-1568 post type-post status-publish format-standard has-post-thumbnail hentry category-destination category-entre-amis category-saison category-sejours category-tous-les-articles\">\n\n<div style=\"aspect-ratio:3\/4;height:unset;min-height:unset;\" class=\"wp-block-cover has-custom-content-position is-position-bottom-center has-aspect-ratio\"><span aria-hidden=\"true\" class=\"wp-block-cover__background has-background-dim-60 has-background-dim has-background-gradient has-bg-gradient-to-black-bottom-gradient-background\"><\/span><img loading=\"lazy\" decoding=\"async\" width=\"1454\" height=\"969\" src=\"https:\/\/www.weekend-provence.fr\/app\/uploads\/2025\/07\/unnamed.webp\" class=\"wp-block-cover__image-background not-transparent wp-post-image\" alt=\"\" data-object-fit=\"cover\" srcset=\"https:\/\/www.weekend-provence.fr\/app\/uploads\/2025\/07\/unnamed.webp 1454w, https:\/\/www.weekend-provence.fr\/app\/uploads\/2025\/07\/unnamed-300x200.webp 300w, https:\/\/www.weekend-provence.fr\/app\/uploads\/2025\/07\/unnamed-1024x682.webp 1024w, https:\/\/www.weekend-provence.fr\/app\/uploads\/2025\/07\/unnamed-768x512.webp 768w\" sizes=\"auto, (max-width: 1454px) 100vw, 1454px\" data-has-transparency=\"false\" data-dominant-color=\"7a6659\" style=\"--dominant-color: #7a6659;\" \/><div class=\"wp-block-cover__inner-container is-layout-constrained wp-block-cover-is-layout-constrained\"><h2 class=\"has-text-align-center wp-block-post-title has-3-xl-font-size\"><a href=\"https:\/\/www.weekend-provence.fr\/fr\/les-festivals-dete-musique-arts-et-traditions-locales\" target=\"_self\" >Les festivals d\u2019\u00e9t\u00e9 : musique, arts et traditions locales<\/a><\/h2><\/div><\/div>\n\n<\/li><li class=\"wp-block-post post-1488 post type-post status-publish format-standard has-post-thumbnail hentry category-tous-les-articles\">\n\n<div style=\"aspect-ratio:3\/4;height:unset;min-height:unset;\" class=\"wp-block-cover has-custom-content-position is-position-bottom-center has-aspect-ratio\"><span aria-hidden=\"true\" class=\"wp-block-cover__background has-background-dim-60 has-background-dim has-background-gradient has-bg-gradient-to-black-bottom-gradient-background\"><\/span><img loading=\"lazy\" decoding=\"async\" width=\"2560\" height=\"2560\" src=\"https:\/\/www.weekend-provence.fr\/app\/uploads\/2025\/06\/ECA7660-scaled.webp\" class=\"wp-block-cover__image-background not-transparent wp-post-image\" alt=\"\" data-object-fit=\"cover\" srcset=\"https:\/\/www.weekend-provence.fr\/app\/uploads\/2025\/06\/ECA7660-scaled.webp 2560w, https:\/\/www.weekend-provence.fr\/app\/uploads\/2025\/06\/ECA7660-300x300.webp 300w, https:\/\/www.weekend-provence.fr\/app\/uploads\/2025\/06\/ECA7660-1024x1024.webp 1024w, https:\/\/www.weekend-provence.fr\/app\/uploads\/2025\/06\/ECA7660-768x768.webp 768w, https:\/\/www.weekend-provence.fr\/app\/uploads\/2025\/06\/ECA7660-1536x1536.webp 1536w, https:\/\/www.weekend-provence.fr\/app\/uploads\/2025\/06\/ECA7660-2048x2048.webp 2048w, https:\/\/www.weekend-provence.fr\/app\/uploads\/2025\/06\/ECA7660-1280x1280.webp 1280w\" sizes=\"auto, (max-width: 2560px) 100vw, 2560px\" data-has-transparency=\"false\" data-dominant-color=\"868276\" style=\"--dominant-color: #868276;\" \/><div class=\"wp-block-cover__inner-container is-layout-constrained wp-block-cover-is-layout-constrained\"><h2 class=\"has-text-align-center wp-block-post-title has-3-xl-font-size\"><a href=\"https:\/\/www.weekend-provence.fr\/fr\/les-hebergements-insolites-a-decouvrir-cet-ete\" target=\"_self\" >Les h\u00e9bergements insolites \u00e0 d\u00e9couvrir cet \u00e9t\u00e9<\/a><\/h2><\/div><\/div>\n\n<\/li><li class=\"wp-block-post post-1461 post type-post status-publish format-standard has-post-thumbnail hentry category-tous-les-articles\">\n\n<div style=\"aspect-ratio:3\/4;height:unset;min-height:unset;\" class=\"wp-block-cover has-custom-content-position is-position-bottom-center has-aspect-ratio\"><span aria-hidden=\"true\" class=\"wp-block-cover__background has-background-dim-60 has-background-dim has-background-gradient has-bg-gradient-to-black-bottom-gradient-background\"><\/span><img loading=\"lazy\" decoding=\"async\" width=\"2019\" height=\"1038\" src=\"https:\/\/www.weekend-provence.fr\/app\/uploads\/2025\/05\/Corniche-Esterel-1-002ok.webp\" class=\"wp-block-cover__image-background not-transparent wp-post-image\" alt=\"\" data-object-fit=\"cover\" srcset=\"https:\/\/www.weekend-provence.fr\/app\/uploads\/2025\/05\/Corniche-Esterel-1-002ok.webp 2019w, https:\/\/www.weekend-provence.fr\/app\/uploads\/2025\/05\/Corniche-Esterel-1-002ok-300x154.webp 300w, https:\/\/www.weekend-provence.fr\/app\/uploads\/2025\/05\/Corniche-Esterel-1-002ok-1024x526.webp 1024w, https:\/\/www.weekend-provence.fr\/app\/uploads\/2025\/05\/Corniche-Esterel-1-002ok-768x395.webp 768w, https:\/\/www.weekend-provence.fr\/app\/uploads\/2025\/05\/Corniche-Esterel-1-002ok-1536x790.webp 1536w\" sizes=\"auto, (max-width: 2019px) 100vw, 2019px\" data-has-transparency=\"false\" data-dominant-color=\"7e817c\" style=\"--dominant-color: #7e817c;\" \/><div class=\"wp-block-cover__inner-container is-layout-constrained wp-block-cover-is-layout-constrained\"><h2 class=\"has-text-align-center wp-block-post-title has-3-xl-font-size\"><a href=\"https:\/\/www.weekend-provence.fr\/fr\/idees-de-sejours-pour-les-ponts-de-mai\" target=\"_self\" >Id\u00e9es de s\u00e9jours pour les ponts de mai<\/a><\/h2><\/div><\/div>\n\n<\/li><li class=\"wp-block-post post-1393 post type-post status-publish format-standard has-post-thumbnail hentry category-tous-les-articles\">\n\n<div style=\"aspect-ratio:3\/4;height:unset;min-height:unset;\" class=\"wp-block-cover has-custom-content-position is-position-bottom-center has-aspect-ratio\"><span aria-hidden=\"true\" class=\"wp-block-cover__background has-background-dim-60 has-background-dim has-background-gradient has-bg-gradient-to-black-bottom-gradient-background\"><\/span><img loading=\"lazy\" decoding=\"async\" width=\"7952\" height=\"5304\" src=\"https:\/\/www.weekend-provence.fr\/app\/uploads\/2025\/04\/ECA5332-2-jpg.webp\" class=\"wp-block-cover__image-background not-transparent wp-post-image\" alt=\"\" data-object-fit=\"cover\" srcset=\"https:\/\/www.weekend-provence.fr\/app\/uploads\/2025\/04\/ECA5332-2-jpg.webp 7952w, https:\/\/www.weekend-provence.fr\/app\/uploads\/2025\/04\/ECA5332-2-300x200.webp 300w, https:\/\/www.weekend-provence.fr\/app\/uploads\/2025\/04\/ECA5332-2-1024x683.webp 1024w, https:\/\/www.weekend-provence.fr\/app\/uploads\/2025\/04\/ECA5332-2-768x512.webp 768w, https:\/\/www.weekend-provence.fr\/app\/uploads\/2025\/04\/ECA5332-2-1536x1025.webp 1536w\" sizes=\"auto, (max-width: 7952px) 100vw, 7952px\" data-has-transparency=\"false\" data-dominant-color=\"a29388\" style=\"--dominant-color: #a29388;\" \/><div class=\"wp-block-cover__inner-container is-layout-constrained wp-block-cover-is-layout-constrained\"><h2 class=\"has-text-align-center wp-block-post-title has-3-xl-font-size\"><a href=\"https:\/\/www.weekend-provence.fr\/fr\/fetes-de-paques-traditions-marches-et-animations\" target=\"_self\" >F\u00eates de P\u00e2ques : traditions, march\u00e9s et animations<\/a><\/h2><\/div><\/div>\n\n<\/li><\/ul>\n\n<nav class=\"wp-block-query-pagination is-layout-flex wp-block-query-pagination-is-layout-flex\" aria-label=\"Pagination\">\n\n\n<div class=\"wp-block-query-pagination-numbers\"><span aria-current=\"page\" class=\"page-numbers current\">1<\/span>\n<a class=\"page-numbers\" href=\"?query-0-page=2\">2<\/a><\/div>\n\n<a href=\"\/fr\/wp-json\/wp\/v2\/pages\/621?query-0-page=2\" class=\"wp-block-query-pagination-next\">Page suivante<\/a>\n<\/nav>\n\n<\/div>\n<\/div>\n<\/div>\n<\/div>\n","protected":false},"excerpt":{"rendered":"<p>D\u00e9couvrez nos articles de blog Filtres<\/p>\n","protected":false},"author":1,"featured_media":0,"parent":0,"menu_order":6,"comment_status":"closed","ping_status":"closed","template":"","meta":{"_acf_changed":false,"_crdt_document":"","footnotes":""},"class_list":["post-621","page","type-page","status-publish","hentry"],"acf":[],"_links":{"self":[{"href":"https:\/\/www.weekend-provence.fr\/fr\/wp-json\/wp\/v2\/pages\/621","targetHints":{"allow":["GET"]}}],"collection":[{"href":"https:\/\/www.weekend-provence.fr\/fr\/wp-json\/wp\/v2\/pages"}],"about":[{"href":"https:\/\/www.weekend-provence.fr\/fr\/wp-json\/wp\/v2\/types\/page"}],"author":[{"embeddable":true,"href":"https:\/\/www.weekend-provence.fr\/fr\/wp-json\/wp\/v2\/users\/1"}],"replies":[{"embeddable":true,"href":"https:\/\/www.weekend-provence.fr\/fr\/wp-json\/wp\/v2\/comments?post=621"}],"version-history":[{"count":77,"href":"https:\/\/www.weekend-provence.fr\/fr\/wp-json\/wp\/v2\/pages\/621\/revisions"}],"predecessor-version":[{"id":2073,"href":"https:\/\/www.weekend-provence.fr\/fr\/wp-json\/wp\/v2\/pages\/621\/revisions\/2073"}],"wp:attachment":[{"href":"https:\/\/www.weekend-provence.fr\/fr\/wp-json\/wp\/v2\/media?parent=621"}],"curies":[{"name":"wp","href":"https:\/\/api.w.org\/{rel}","templated":true}]}}