{"id":95,"date":"2019-04-10T11:11:00","date_gmt":"2019-04-10T09:11:00","guid":{"rendered":"https:\/\/www.weekend-provence.fr\/?page_id=63"},"modified":"2024-12-10T11:12:42","modified_gmt":"2024-12-10T11:12:42","slug":"mentions-legales","status":"publish","type":"page","link":"https:\/\/www.weekend-provence.fr\/fr\/mentions-legales","title":{"rendered":"Mentions l\u00e9gales"},"content":{"rendered":"\n<p class=\"wp-block-paragraph\">Le site <a href=\"https:\/\/www.weekend-provence.fr\">weekend-provence.fr<\/a> est un site officiel g\u00e9r\u00e9 par 4 centrales de r\u00e9servation du Var : La Provence Verte, Est\u00e9rel C\u00f4te d\u2019Azur, le Golfe de Saint-Tropez et Hy\u00e8res. L&rsquo;animation \u00e9ditoriale et les mises \u00e0 jour du site sont assur\u00e9es par les webmasters des diff\u00e9rentes centrales en liaisons avec l&rsquo;ensemble des     directions concern\u00e9es.<\/p>\n\n\n\n<div style=\"height:40px\" aria-hidden=\"true\" class=\"wp-block-spacer\"><\/div>\n\n\n\n<h3 class=\"wp-block-heading\" id=\"informations-legales\">Informations l\u00e9gales<\/h3>\n\n\n\n<p class=\"wp-block-paragraph\">Pour toute information li\u00e9e \u00e0 son fonctionnement ou \u00e0 son utilisation, nous vous prions de bien vouloir envoyer un mail \u00e0 l\u2019adresse suivante : <a href=\"mailto:contact@weekend-provence.fr\">contact@weekend-provence.fr<\/a> <i class=\"fat fa-envelope\"><\/i><\/p>\n\n\n\n<p class=\"wp-block-paragraph\">Ce site Internet est une cr\u00e9ation intellectuelle originale qui, par cons\u00e9quent entre dans le champ de protection du droit d\u2019auteur. Son contenu est \u00e9galement prot\u00e9g\u00e9 par des droits de propri\u00e9t\u00e9 intellectuelle et\/ou industrielle. Toute personne qui portera atteinte aux droits de propri\u00e9t\u00e9 intellectuelle attach\u00e9s aux diff\u00e9rents objets de ce site Internet se rend coupable du d\u00e9lit de contrefa\u00e7on et est passible des sanctions p\u00e9nales pr\u00e9vues par la loi.<\/p>\n\n\n\n<p class=\"wp-block-paragraph\"><strong>Office de Tourisme de La Provence Verte<\/strong>     <br>Maison du Tourisme<br>Carrefour de l&rsquo;Europe<br>83170 Brignoles<br>FRANCE<br>T\u00e9l. 04 94 72 04 21<\/p>\n\n\n\n<div style=\"height:51px\" aria-hidden=\"true\" class=\"wp-block-spacer\"><\/div>\n\n\n\n<h3 class=\"wp-block-heading\" id=\"directeurs-de-publication\">Directeurs de publication<\/h3>\n\n\n\n<p class=\"wp-block-paragraph\"><strong>Audrey Falcou <\/strong>&#8211; Directeur de la Centrale de R\u00e9servation La Provence Verte <br><strong>Aurore Laroche<\/strong>&nbsp;&#8211; Pr\u00e9sidente de l\u2019agence de d\u00e9veloppement touristique Est\u00e9rel C\u00f4te d\u2019Azur<br><strong>Emmanuel Bertrand<\/strong> &#8211; Directeur de la Centrale de R\u00e9servation du Golfe de Saint-Tropez<br><strong>Nathalie Marchal<\/strong> &#8211; Directrice de l&rsquo;Office de Tourisme de Hy\u00e8res<\/p>\n\n\n\n<div style=\"height:51px\" aria-hidden=\"true\" class=\"wp-block-spacer\"><\/div>\n\n\n\n<h3 class=\"wp-block-heading\" id=\"realisation-du-site\">R\u00e9alisation du site<\/h3>\n\n\n\n<p class=\"wp-block-paragraph\"><strong>Franck M\u00e9zi\u00e8re<\/strong> \u2013 Webmaster de la Centrale de R\u00e9servation du Golfe de Saint-Tropez<\/p>\n\n\n\n<div style=\"height:51px\" aria-hidden=\"true\" class=\"wp-block-spacer\"><\/div>\n\n\n\n<h3 class=\"wp-block-heading\" id=\"animation-editoriale-gestion-et-mises-a-jour\">Animation \u00e9ditoriale, gestion et mises \u00e0 jour <\/h3>\n\n\n\n<p class=\"wp-block-paragraph\"><strong>Fabrice Galil\u00e9<\/strong> &#8211; Webmaster de la Centrale de R\u00e9servation <a href=\"https:\/\/www.la-provence-verte.net\/\" data-type=\"link\" data-id=\"https:\/\/www.la-provence-verte.net\/\" target=\"_blank\" rel=\"noreferrer noopener\">La Provence Verte<\/a><br><strong>Elise Jorieux<\/strong> &#8211; Webmaster de la Centrale de R\u00e9servation<a href=\"https:\/\/www.esterel-cotedazur.com\/\" data-type=\"link\" data-id=\"https:\/\/www.esterel-cotedazur.com\/\" target=\"_blank\" rel=\"noreferrer noopener\"> Est\u00e9rel C\u00f4te d\u2019Azur<\/a><br><strong>Franck M\u00e9zi\u00e8re<\/strong> \u2013 Webmaster de la Centrale de R\u00e9servation du <a href=\"https:\/\/www.golfe-saint-tropez-information.com\/\" data-type=\"link\" data-id=\"https:\/\/www.golfe-saint-tropez-information.com\/\" target=\"_blank\" rel=\"noreferrer noopener\">Golfe de Saint-Tropez<\/a><br><strong>Julien Veyssade<\/strong> &#8211; Webmaster \u00e0 l&rsquo;Office de Tourisme <a href=\"https:\/\/www.provencemed.com\/\" data-type=\"link\" data-id=\"https:\/\/www.provencemed.com\/\" target=\"_blank\" rel=\"noreferrer noopener\">Provence M\u00e9diterran\u00e9e<\/a><\/p>\n\n\n\n<div style=\"height:51px\" aria-hidden=\"true\" class=\"wp-block-spacer\"><\/div>\n\n\n\n<h3 class=\"wp-block-heading\" id=\"hebergement\">H\u00e9bergement<\/h3>\n\n\n\n<p class=\"wp-block-paragraph\">GANDI SAS, Soci\u00e9t\u00e9 par Actions Simplifi\u00e9e au capital de 800.000\u20ac ayant son si\u00e8ge social au <br>63-65 boulevard Mass\u00e9na Paris (75013) FRANCE<br>Siren 423 093 459 RCS PARIS<br>n. de TVA FR81423093459<br>Tel +33 (0) 1 70.37.76.61<br>Fax +33. (0) 1 43 73 18 51<\/p>\n\n\n\n<div style=\"height:51px\" aria-hidden=\"true\" class=\"wp-block-spacer\"><\/div>\n\n\n\n<h3 class=\"wp-block-heading\" id=\"prix\">Prix<\/h3>\n\n\n\n<p class=\"wp-block-paragraph\">Sur le site week-end Provence, les offres affich\u00e9es, le sont \u00e0 titre indicatif. <strong>Seul le devis<\/strong> ou la r\u00e9servation directe que vous recevrez par la suite, avec le descriptif et les tarifs applicable, est contractuel.<\/p>\n\n\n\n<div style=\"height:51px\" aria-hidden=\"true\" class=\"wp-block-spacer\"><\/div>\n\n\n\n<h3 class=\"wp-block-heading\" id=\"droits-d-auteur\">Droits d\u2019auteur<\/h3>\n\n\n\n<p class=\"wp-block-paragraph\">La structure g\u00e9n\u00e9rale, ainsi que les textes, photos, images composant ce site sont la propri\u00e9t\u00e9 des communes et des h\u00e9bergeurs adh\u00e9rant \u00e0 la centrale de r\u00e9servation. Toute reproduction, totale ou partielle, et toute repr\u00e9sentation     du contenu substantiel de ce site, d&rsquo;un ou de plusieurs de ses composants, par quelque proc\u00e9d\u00e9 que ce soit, sans autorisation expresse, est interdite, et constitue une contrefa\u00e7on sanctionn\u00e9e par les articles L.335-2 et suivants     du Code de la propri\u00e9t\u00e9 intellectuelle.<\/p>\n\n\n\n<p class=\"wp-block-paragraph\">Les informations, pictogrammes, photographies, images, textes, s\u00e9quences vid\u00e9o, anim\u00e9es sonores ou non, et autres documents pr\u00e9sents sur le site Internet sont prot\u00e9g\u00e9s par des droits de propri\u00e9t\u00e9 industrielle et\/ou intellectuelle, soit que la Centrale de R\u00e9servation en soit le titulaire, soit qu\u2019elle soit autoris\u00e9e \u00e0 les reproduire et les repr\u00e9senter.<\/p>\n\n\n\n<p class=\"wp-block-paragraph\">A ce titre, toute reproduction, repr\u00e9sentation, adaptation, traduction et\/ou modification, partielle ou int\u00e9grale ou transfert sur un autre site sont interdits. La copie sur support papier \u00e0 usage priv\u00e9 de ces diff\u00e9rents objets de droits est autoris\u00e9e conform\u00e9ment \u00e0 l\u2019article L122-5 du Code de la Propri\u00e9t\u00e9 Intellectuelle. Leur reproduction partielle ou int\u00e9grale, sans l&rsquo;accord pr\u00e9alable et \u00e9crit de l\u2019auteur, est strictement interdite. <\/p>\n\n\n\n<div style=\"height:51px\" aria-hidden=\"true\" class=\"wp-block-spacer\"><\/div>\n\n\n\n<h3 class=\"wp-block-heading\" id=\"base-de-donnees\">Base de donn\u00e9es<\/h3>\n\n\n\n<p class=\"wp-block-paragraph\">Les bases de donn\u00e9es sont prot\u00e9g\u00e9es par la loi du 1er juillet 1998 et le r\u00e9gime fran\u00e7ais et communautaire du droit d\u2019auteur. Les usagers s\u2019obligent \u00e0 s\u2019interdire, s&rsquo;agissant des informations auxquelles ils acc\u00e8dent, de toute     collecte, captation, modification ou utilisation. Toute extraction substantielle des bases de donn\u00e9es du pr\u00e9sent site est strictement interdite. Seule est autoris\u00e9e une copie priv\u00e9e du contenu de la base r\u00e9serv\u00e9e \u00e0 l\u2019usage exclusif du copiste et sur support papier.<\/p>\n\n\n\n<div style=\"height:51px\" aria-hidden=\"true\" class=\"wp-block-spacer\"><\/div>\n\n\n\n<h3 class=\"wp-block-heading\" id=\"liens-hypertextes\">Liens hypertextes <\/h3>\n\n\n\n<p class=\"wp-block-paragraph\">Les liens hypertextes externes mis en place dans le cadre du pr\u00e9sent site et les contenus des sites de tiers vers lesquels ils pointent ne sauraient engager la responsabilit\u00e9 de la Centrale de R\u00e9servation Est\u00e9rel C\u00f4te d&rsquo;Azur.<\/p>\n\n\n\n<div style=\"height:100px\" aria-hidden=\"true\" class=\"wp-block-spacer\"><\/div>\n","protected":false},"excerpt":{"rendered":"<p>Le site weekend-provence.fr est un site officiel g\u00e9r\u00e9 par 4 centrales de r\u00e9servation du Var : La Provence Verte, Est\u00e9rel C\u00f4te d\u2019Azur, le Golfe de Saint-Tropez et Hy\u00e8res. L&rsquo;animation \u00e9ditoriale et les mises \u00e0 jour du site sont assur\u00e9es par les webmasters des diff\u00e9rentes centrales en liaisons avec l&rsquo;ensemble des directions concern\u00e9es. Informations l\u00e9gales Pour&#8230;<\/p>\n","protected":false},"author":1,"featured_media":0,"parent":0,"menu_order":10,"comment_status":"closed","ping_status":"closed","template":"","meta":{"_acf_changed":false,"_crdt_document":"","footnotes":""},"class_list":["post-95","page","type-page","status-publish","hentry"],"acf":[],"_links":{"self":[{"href":"https:\/\/www.weekend-provence.fr\/fr\/wp-json\/wp\/v2\/pages\/95","targetHints":{"allow":["GET"]}}],"collection":[{"href":"https:\/\/www.weekend-provence.fr\/fr\/wp-json\/wp\/v2\/pages"}],"about":[{"href":"https:\/\/www.weekend-provence.fr\/fr\/wp-json\/wp\/v2\/types\/page"}],"author":[{"embeddable":true,"href":"https:\/\/www.weekend-provence.fr\/fr\/wp-json\/wp\/v2\/users\/1"}],"replies":[{"embeddable":true,"href":"https:\/\/www.weekend-provence.fr\/fr\/wp-json\/wp\/v2\/comments?post=95"}],"version-history":[{"count":10,"href":"https:\/\/www.weekend-provence.fr\/fr\/wp-json\/wp\/v2\/pages\/95\/revisions"}],"predecessor-version":[{"id":1145,"href":"https:\/\/www.weekend-provence.fr\/fr\/wp-json\/wp\/v2\/pages\/95\/revisions\/1145"}],"wp:attachment":[{"href":"https:\/\/www.weekend-provence.fr\/fr\/wp-json\/wp\/v2\/media?parent=95"}],"curies":[{"name":"wp","href":"https:\/\/api.w.org\/{rel}","templated":true}]}}