{"id":999,"date":"2024-08-29T11:37:49","date_gmt":"2024-08-29T11:37:49","guid":{"rendered":"https:\/\/www.weekend-provence.fr\/?page_id=999"},"modified":"2025-02-20T08:59:49","modified_gmt":"2025-02-20T08:59:49","slug":"accessibilite","status":"publish","type":"page","link":"https:\/\/www.weekend-provence.fr\/fr\/accessibilite","title":{"rendered":"Accessibilit\u00e9"},"content":{"rendered":"\n<div class=\"wp-block-group is-layout-constrained wp-block-group-is-layout-constrained\">\n<h2 class=\"wp-block-heading\">D\u00e9claration d&rsquo;accessibilit\u00e9<\/h2>\n\n\n\n<p class=\"wp-block-paragraph\">Nous nous engageons \u00e0 rendre notre site internet accessible conform\u00e9ment \u00e0 l\u2019article 47 de la loi n\u00b0 2005-102 du 11 f\u00e9vrier 2005.<\/p>\n\n\n\n<p class=\"wp-block-paragraph\">A cette fin, un audit menant \u00e0 une d\u00e9claration de conformit\u00e9 sera men\u00e9 en 2025.<\/p>\n\n\n\n<p class=\"wp-block-paragraph\">Cette d\u00e9claration d\u2019accessibilit\u00e9 s\u2019applique au site Internet www.weekend-provence.fr.<\/p>\n\n\n\n<h2 class=\"wp-block-heading\">\u00c9tat de conformit\u00e9<\/h2>\n\n\n\n<p class=\"wp-block-paragraph\">Le site Internet www.weekend-provence.fr va \u00eatre audit\u00e9 en regard du RGAA<sup data-fn=\"51e32c1b-8451-4509-ad12-bf031d6aca1e\" class=\"fn\"><a href=\"#51e32c1b-8451-4509-ad12-bf031d6aca1e\" id=\"51e32c1b-8451-4509-ad12-bf031d6aca1e-link\">1<\/a><\/sup> 4.1.2. Les non-conformit\u00e9s et exemptions seront \u00e9num\u00e9r\u00e9es ci-apr\u00e8s.<\/p>\n\n\n\n<h3 class=\"wp-block-heading\">Contenus non soumis \u00e0 l\u2019obligation d\u2019accessibilit\u00e9<\/h3>\n\n\n\n<ul class=\"wp-block-list\">\n<li>Les contenus de tiers qui ne sont ni financ\u00e9s ni d\u00e9velopp\u00e9s par l\u2019organisme concern\u00e9 et qui ne sont pas sous son contr\u00f4le (cadre en ligne, lecteur Youtube, cartographie).<\/li>\n\n\n\n<li>Les fichiers disponibles dans des formats bureautiques publi\u00e9s avant le 23 septembre 2018, sauf s\u2019ils sont n\u00e9cessaires \u00e0 l\u2019accomplissement d\u2019une d\u00e9marche administrative relevant des t\u00e2ches effectu\u00e9es par l\u2019organisme concern\u00e9.<\/li>\n\n\n\n<li>Les contenus audio et vid\u00e9o pr\u00e9enregistr\u00e9s, y compris ceux comprenant des composants interactifs, publi\u00e9s avant le 23 septembre 2020.<\/li>\n<\/ul>\n\n\n\n<h2 class=\"wp-block-heading\">Retour d\u2019information et contact<\/h2>\n\n\n\n<p class=\"wp-block-paragraph\">Si vous n\u2019arrivez pas \u00e0 acc\u00e9der \u00e0 un contenu ou \u00e0 un service, vous pouvez contacter le responsable du site internet pour \u00eatre orient\u00e9 vers une alternative accessible ou obtenir le contenu sous une autre forme.<\/p>\n\n\n\n<p class=\"wp-block-paragraph\"><a href=\"https:\/\/www.weekend-provence.fr\/fr\/contactez-nous\" data-type=\"page\" data-id=\"619\">Envoyer un message<\/a><\/p>\n\n\n\n<h2 class=\"wp-block-heading\">Voies de recours<\/h2>\n\n\n\n<p class=\"wp-block-paragraph\">Cette proc\u00e9dure est \u00e0 utiliser dans le cas suivant.<\/p>\n\n\n\n<p class=\"wp-block-paragraph\">Vous avez signal\u00e9 au responsable du site internet un d\u00e9faut d\u2019accessibilit\u00e9 qui vous emp\u00eache d\u2019acc\u00e9der \u00e0 un contenu ou \u00e0 un des services du portail et vous n\u2019avez pas obtenu de r\u00e9ponse satisfaisante.<\/p>\n\n\n\n<p class=\"wp-block-paragraph\">\u00c9crire un message au D\u00e9fenseur des droits (<a href=\"https:\/\/formulaire.defenseurdesdroits.fr\">formulaire.defenseurdesdroits.fr<\/a>)<br>Contacter le d\u00e9l\u00e9gu\u00e9 du D\u00e9fenseur des droits pr\u00e8s de chez vous (<a href=\"https:\/\/defenseurdesdroits.fr\/saisir\/delegues\">defenseurdesdroits.fr\/saisir\/delegues<\/a>)<br>Envoyer un courrier par la poste (gratuit, ne pas mettre de timbre)<br>D\u00e9fenseur des droits<br>Libre r\u00e9ponse 71120<br>75342 Paris CEDEX 07<\/p>\n\n\n<ol class=\"wp-block-footnotes\"><li id=\"51e32c1b-8451-4509-ad12-bf031d6aca1e\"><a href=\"https:\/\/accessibilite.numerique.gouv.fr\/\">R\u00e9f\u00e9rentiel g\u00e9n\u00e9ral d&rsquo;am\u00e9lioration de l&rsquo;accessibilit\u00e9<\/a> (<a href=\"https:\/\/accessibilite.numerique.gouv.fr\/\">https:\/\/accessibilite.numerique.gouv.fr\/<\/a>) <a href=\"#51e32c1b-8451-4509-ad12-bf031d6aca1e-link\" aria-label=\"Aller \u00e0 la note de bas de page 1\">\u21a9\ufe0e<\/a><\/li><\/ol><\/div>\n\n\n\n<div style=\"height:100px\" aria-hidden=\"true\" class=\"wp-block-spacer\"><\/div>\n","protected":false},"excerpt":{"rendered":"<p>D\u00e9claration d&rsquo;accessibilit\u00e9 Nous nous engageons \u00e0 rendre notre site internet accessible conform\u00e9ment \u00e0 l\u2019article 47 de la loi n\u00b0 2005-102 du 11 f\u00e9vrier 2005. A cette fin, un audit menant \u00e0 une d\u00e9claration de conformit\u00e9 sera men\u00e9 en 2025. Cette d\u00e9claration d\u2019accessibilit\u00e9 s\u2019applique au site Internet www.weekend-provence.fr. \u00c9tat de conformit\u00e9 Le site Internet www.weekend-provence.fr va&#8230;<\/p>\n","protected":false},"author":6,"featured_media":0,"parent":0,"menu_order":30,"comment_status":"closed","ping_status":"closed","template":"","meta":{"_acf_changed":false,"_crdt_document":"","footnotes":"[{\"content\":\"<a href=\\\"https:\/\/accessibilite.numerique.gouv.fr\/\\\">R\u00e9f\u00e9rentiel g\u00e9n\u00e9ral d'am\u00e9lioration de l'accessibilit\u00e9<\/a> (<a href=\\\"https:\/\/accessibilite.numerique.gouv.fr\/\\\">https:\/\/accessibilite.numerique.gouv.fr\/<\/a>)\",\"id\":\"51e32c1b-8451-4509-ad12-bf031d6aca1e\"}]"},"class_list":["post-999","page","type-page","status-publish","hentry"],"acf":[],"_links":{"self":[{"href":"https:\/\/www.weekend-provence.fr\/fr\/wp-json\/wp\/v2\/pages\/999","targetHints":{"allow":["GET"]}}],"collection":[{"href":"https:\/\/www.weekend-provence.fr\/fr\/wp-json\/wp\/v2\/pages"}],"about":[{"href":"https:\/\/www.weekend-provence.fr\/fr\/wp-json\/wp\/v2\/types\/page"}],"author":[{"embeddable":true,"href":"https:\/\/www.weekend-provence.fr\/fr\/wp-json\/wp\/v2\/users\/6"}],"replies":[{"embeddable":true,"href":"https:\/\/www.weekend-provence.fr\/fr\/wp-json\/wp\/v2\/comments?post=999"}],"version-history":[{"count":6,"href":"https:\/\/www.weekend-provence.fr\/fr\/wp-json\/wp\/v2\/pages\/999\/revisions"}],"predecessor-version":[{"id":1331,"href":"https:\/\/www.weekend-provence.fr\/fr\/wp-json\/wp\/v2\/pages\/999\/revisions\/1331"}],"wp:attachment":[{"href":"https:\/\/www.weekend-provence.fr\/fr\/wp-json\/wp\/v2\/media?parent=999"}],"curies":[{"name":"wp","href":"https:\/\/api.w.org\/{rel}","templated":true}]}}